{"id":3302,"date":"2017-03-10T15:50:49","date_gmt":"2017-03-10T14:50:49","guid":{"rendered":"http:\/\/hasici.vmyto.cz\/?page_id=3302"},"modified":"2022-04-12T12:02:57","modified_gmt":"2022-04-12T11:02:57","slug":"jak-se-chovat-behem-bourky","status":"publish","type":"page","link":"https:\/\/hasici.vmyto.cz\/en\/jak-se-chovat-behem-bourky\/","title":{"rendered":"(\u010cesky) Jak se chovat b\u011bhem bou\u0159ky"},"content":{"rendered":"<p class=\"qtranxs-available-languages-message qtranxs-available-languages-message-en\">Sorry, this entry is only available in <a href=\"https:\/\/hasici.vmyto.cz\/cs\/wp-json\/wp\/v2\/pages\/3302\" class=\"qtranxs-available-language-link qtranxs-available-language-link-cs\" title=\"\u010cesky\">Czech<\/a>.<\/p>","protected":false},"excerpt":{"rendered":"","protected":false},"author":1,"featured_media":0,"parent":0,"menu_order":0,"comment_status":"closed","ping_status":"closed","template":"","meta":{"_mi_skip_tracking":false},"_links":{"self":[{"href":"https:\/\/hasici.vmyto.cz\/en\/wp-json\/wp\/v2\/pages\/3302"}],"collection":[{"href":"https:\/\/hasici.vmyto.cz\/en\/wp-json\/wp\/v2\/pages"}],"about":[{"href":"https:\/\/hasici.vmyto.cz\/en\/wp-json\/wp\/v2\/types\/page"}],"author":[{"embeddable":true,"href":"https:\/\/hasici.vmyto.cz\/en\/wp-json\/wp\/v2\/users\/1"}],"replies":[{"embeddable":true,"href":"https:\/\/hasici.vmyto.cz\/en\/wp-json\/wp\/v2\/comments?post=3302"}],"version-history":[{"count":3,"href":"https:\/\/hasici.vmyto.cz\/en\/wp-json\/wp\/v2\/pages\/3302\/revisions"}],"predecessor-version":[{"id":10793,"href":"https:\/\/hasici.vmyto.cz\/en\/wp-json\/wp\/v2\/pages\/3302\/revisions\/10793"}],"wp:attachment":[{"href":"https:\/\/hasici.vmyto.cz\/en\/wp-json\/wp\/v2\/media?parent=3302"}],"curies":[{"name":"wp","href":"https:\/\/api.w.org\/{rel}","templated":true}]}}