{"id":3151,"date":"2017-03-03T23:39:54","date_gmt":"2017-03-03T22:39:54","guid":{"rendered":"http:\/\/hasici.vmyto.cz\/?page_id=3151"},"modified":"2017-03-03T23:45:30","modified_gmt":"2017-03-03T22:45:30","slug":"setkani-stratilkovych-strikacek-1999-2","status":"publish","type":"page","link":"https:\/\/hasici.vmyto.cz\/en\/setkani-stratilkovych-strikacek-1999-2\/","title":{"rendered":"Meeting fire engines in Vysoke Myto &#8211; Stratilek year 1999"},"content":{"rendered":"<div class=\"wc-gallery\"><div id='gallery-1' data-gutter-width='5' data-columns='6' class='gallery wc-gallery-captions-onhover gallery-link-file gallery-masonry galleryid-3151 gallery-columns-6 gallery-size-thumbnail wc-gallery-bottomspace-default wc-gallery-clear'><div class='gallery-item gallery-item-position-1 gallery-item-attachment-3081'>\n\t\t\t\t<div class='gallery-icon landscape'>\n\t\t\t\t\t<a href='https:\/\/hasici.vmyto.cz\/wp-content\/uploads\/2017\/03\/1999_06_26_oslavy-Strat\u00edlek_05-Kop\u00edrovat-1024x713.jpg' title='1999_06_26_oslavy Strat\u00edlek_05 (Kop\u00edrovat)' target='_self'><img width=\"150\" height=\"150\" src=\"https:\/\/hasici.vmyto.cz\/wp-content\/uploads\/2017\/03\/1999_06_26_oslavy-Strat\u00edlek_05-Kop\u00edrovat-150x150.jpg\" class=\"attachment-thumbnail size-thumbnail\" alt=\"\" loading=\"lazy\" srcset=\"https:\/\/hasici.vmyto.cz\/wp-content\/uploads\/2017\/03\/1999_06_26_oslavy-Strat\u00edlek_05-Kop\u00edrovat-150x150.jpg 150w, https:\/\/hasici.vmyto.cz\/wp-content\/uploads\/2017\/03\/1999_06_26_oslavy-Strat\u00edlek_05-Kop\u00edrovat-48x48.jpg 48w, https:\/\/hasici.vmyto.cz\/wp-content\/uploads\/2017\/03\/1999_06_26_oslavy-Strat\u00edlek_05-Kop\u00edrovat-300x300.jpg 300w\" sizes=\"(max-width: 150px) 100vw, 150px\" \/><\/a>\n\t\t\t\t<\/div><\/div><div class='gallery-item gallery-item-position-2 gallery-item-attachment-3080'>\n\t\t\t\t<div class='gallery-icon landscape'>\n\t\t\t\t\t<a href='https:\/\/hasici.vmyto.cz\/wp-content\/uploads\/2017\/03\/1999_06_26_oslavy-Strat\u00edlek_01-Kop\u00edrovat-1024x716.jpg' title='1999_06_26_oslavy Strat\u00edlek_01 (Kop\u00edrovat)' target='_self'><img width=\"150\" height=\"150\" src=\"https:\/\/hasici.vmyto.cz\/wp-content\/uploads\/2017\/03\/1999_06_26_oslavy-Strat\u00edlek_01-Kop\u00edrovat-150x150.jpg\" class=\"attachment-thumbnail size-thumbnail\" alt=\"\" loading=\"lazy\" srcset=\"https:\/\/hasici.vmyto.cz\/wp-content\/uploads\/2017\/03\/1999_06_26_oslavy-Strat\u00edlek_01-Kop\u00edrovat-150x150.jpg 150w, https:\/\/hasici.vmyto.cz\/wp-content\/uploads\/2017\/03\/1999_06_26_oslavy-Strat\u00edlek_01-Kop\u00edrovat-48x48.jpg 48w, https:\/\/hasici.vmyto.cz\/wp-content\/uploads\/2017\/03\/1999_06_26_oslavy-Strat\u00edlek_01-Kop\u00edrovat-300x300.jpg 300w\" sizes=\"(max-width: 150px) 100vw, 150px\" \/><\/a>\n\t\t\t\t<\/div><\/div><div class='gallery-item gallery-item-position-3 gallery-item-attachment-3079'>\n\t\t\t\t<div class='gallery-icon landscape'>\n\t\t\t\t\t<a href='https:\/\/hasici.vmyto.cz\/wp-content\/uploads\/2017\/03\/1999_06_25_oslavy-Strat\u00edlek_24-Kop\u00edrovat-1024x721.jpg' title='1999_06_25_oslavy Strat\u00edlek_24 (Kop\u00edrovat)' target='_self'><img width=\"150\" height=\"150\" src=\"https:\/\/hasici.vmyto.cz\/wp-content\/uploads\/2017\/03\/1999_06_25_oslavy-Strat\u00edlek_24-Kop\u00edrovat-150x150.jpg\" class=\"attachment-thumbnail size-thumbnail\" alt=\"\" loading=\"lazy\" srcset=\"https:\/\/hasici.vmyto.cz\/wp-content\/uploads\/2017\/03\/1999_06_25_oslavy-Strat\u00edlek_24-Kop\u00edrovat-150x150.jpg 150w, https:\/\/hasici.vmyto.cz\/wp-content\/uploads\/2017\/03\/1999_06_25_oslavy-Strat\u00edlek_24-Kop\u00edrovat-48x48.jpg 48w, https:\/\/hasici.vmyto.cz\/wp-content\/uploads\/2017\/03\/1999_06_25_oslavy-Strat\u00edlek_24-Kop\u00edrovat-300x300.jpg 300w\" sizes=\"(max-width: 150px) 100vw, 150px\" \/><\/a>\n\t\t\t\t<\/div><\/div><div class='gallery-item gallery-item-position-4 gallery-item-attachment-3078'>\n\t\t\t\t<div class='gallery-icon landscape'>\n\t\t\t\t\t<a href='https:\/\/hasici.vmyto.cz\/wp-content\/uploads\/2017\/03\/1999_06_25_oslavy-Strat\u00edlek_23-Kop\u00edrovat-1024x720.jpg' title='1999_06_25_oslavy Strat\u00edlek_23 (Kop\u00edrovat)' target='_self'><img width=\"150\" height=\"150\" src=\"https:\/\/hasici.vmyto.cz\/wp-content\/uploads\/2017\/03\/1999_06_25_oslavy-Strat\u00edlek_23-Kop\u00edrovat-150x150.jpg\" class=\"attachment-thumbnail size-thumbnail\" alt=\"\" loading=\"lazy\" srcset=\"https:\/\/hasici.vmyto.cz\/wp-content\/uploads\/2017\/03\/1999_06_25_oslavy-Strat\u00edlek_23-Kop\u00edrovat-150x150.jpg 150w, https:\/\/hasici.vmyto.cz\/wp-content\/uploads\/2017\/03\/1999_06_25_oslavy-Strat\u00edlek_23-Kop\u00edrovat-48x48.jpg 48w, https:\/\/hasici.vmyto.cz\/wp-content\/uploads\/2017\/03\/1999_06_25_oslavy-Strat\u00edlek_23-Kop\u00edrovat-300x300.jpg 300w\" sizes=\"(max-width: 150px) 100vw, 150px\" \/><\/a>\n\t\t\t\t<\/div><\/div><div class='gallery-item gallery-item-position-5 gallery-item-attachment-3073'>\n\t\t\t\t<div class='gallery-icon landscape'>\n\t\t\t\t\t<a href='https:\/\/hasici.vmyto.cz\/wp-content\/uploads\/2017\/03\/1999_06_25_oslavy-Strat\u00edlek_16-Kop\u00edrovat-1024x717.jpg' title='1999_06_25_oslavy Strat\u00edlek_16 (Kop\u00edrovat)' target='_self'><img width=\"150\" height=\"150\" src=\"https:\/\/hasici.vmyto.cz\/wp-content\/uploads\/2017\/03\/1999_06_25_oslavy-Strat\u00edlek_16-Kop\u00edrovat-150x150.jpg\" class=\"attachment-thumbnail size-thumbnail\" alt=\"\" loading=\"lazy\" srcset=\"https:\/\/hasici.vmyto.cz\/wp-content\/uploads\/2017\/03\/1999_06_25_oslavy-Strat\u00edlek_16-Kop\u00edrovat-150x150.jpg 150w, https:\/\/hasici.vmyto.cz\/wp-content\/uploads\/2017\/03\/1999_06_25_oslavy-Strat\u00edlek_16-Kop\u00edrovat-48x48.jpg 48w, https:\/\/hasici.vmyto.cz\/wp-content\/uploads\/2017\/03\/1999_06_25_oslavy-Strat\u00edlek_16-Kop\u00edrovat-300x300.jpg 300w\" sizes=\"(max-width: 150px) 100vw, 150px\" \/><\/a>\n\t\t\t\t<\/div><\/div><div class='gallery-item gallery-item-position-6 gallery-item-attachment-3074'>\n\t\t\t\t<div class='gallery-icon landscape'>\n\t\t\t\t\t<a href='https:\/\/hasici.vmyto.cz\/wp-content\/uploads\/2017\/03\/1999_06_25_oslavy-Strat\u00edlek_18-Kop\u00edrovat-1024x717.jpg' title='1999_06_25_oslavy Strat\u00edlek_18 (Kop\u00edrovat)' target='_self'><img width=\"150\" height=\"150\" src=\"https:\/\/hasici.vmyto.cz\/wp-content\/uploads\/2017\/03\/1999_06_25_oslavy-Strat\u00edlek_18-Kop\u00edrovat-150x150.jpg\" class=\"attachment-thumbnail size-thumbnail\" alt=\"\" loading=\"lazy\" srcset=\"https:\/\/hasici.vmyto.cz\/wp-content\/uploads\/2017\/03\/1999_06_25_oslavy-Strat\u00edlek_18-Kop\u00edrovat-150x150.jpg 150w, https:\/\/hasici.vmyto.cz\/wp-content\/uploads\/2017\/03\/1999_06_25_oslavy-Strat\u00edlek_18-Kop\u00edrovat-48x48.jpg 48w, https:\/\/hasici.vmyto.cz\/wp-content\/uploads\/2017\/03\/1999_06_25_oslavy-Strat\u00edlek_18-Kop\u00edrovat-300x300.jpg 300w\" sizes=\"(max-width: 150px) 100vw, 150px\" \/><\/a>\n\t\t\t\t<\/div><\/div><div class='gallery-item gallery-item-position-7 gallery-item-attachment-3075'>\n\t\t\t\t<div class='gallery-icon landscape'>\n\t\t\t\t\t<a href='https:\/\/hasici.vmyto.cz\/wp-content\/uploads\/2017\/03\/1999_06_25_oslavy-Strat\u00edlek_19-Kop\u00edrovat-1024x719.jpg' title='1999_06_25_oslavy Strat\u00edlek_19 (Kop\u00edrovat)' target='_self'><img width=\"150\" height=\"150\" src=\"https:\/\/hasici.vmyto.cz\/wp-content\/uploads\/2017\/03\/1999_06_25_oslavy-Strat\u00edlek_19-Kop\u00edrovat-150x150.jpg\" class=\"attachment-thumbnail size-thumbnail\" alt=\"\" loading=\"lazy\" srcset=\"https:\/\/hasici.vmyto.cz\/wp-content\/uploads\/2017\/03\/1999_06_25_oslavy-Strat\u00edlek_19-Kop\u00edrovat-150x150.jpg 150w, https:\/\/hasici.vmyto.cz\/wp-content\/uploads\/2017\/03\/1999_06_25_oslavy-Strat\u00edlek_19-Kop\u00edrovat-48x48.jpg 48w, https:\/\/hasici.vmyto.cz\/wp-content\/uploads\/2017\/03\/1999_06_25_oslavy-Strat\u00edlek_19-Kop\u00edrovat-300x300.jpg 300w\" sizes=\"(max-width: 150px) 100vw, 150px\" \/><\/a>\n\t\t\t\t<\/div><\/div><div class='gallery-item gallery-item-position-8 gallery-item-attachment-3076'>\n\t\t\t\t<div class='gallery-icon landscape'>\n\t\t\t\t\t<a href='https:\/\/hasici.vmyto.cz\/wp-content\/uploads\/2017\/03\/1999_06_25_oslavy-Strat\u00edlek_21-Kop\u00edrovat-1024x717.jpg' title='1999_06_25_oslavy Strat\u00edlek_21 (Kop\u00edrovat)' target='_self'><img width=\"150\" height=\"150\" src=\"https:\/\/hasici.vmyto.cz\/wp-content\/uploads\/2017\/03\/1999_06_25_oslavy-Strat\u00edlek_21-Kop\u00edrovat-150x150.jpg\" class=\"attachment-thumbnail size-thumbnail\" alt=\"\" loading=\"lazy\" srcset=\"https:\/\/hasici.vmyto.cz\/wp-content\/uploads\/2017\/03\/1999_06_25_oslavy-Strat\u00edlek_21-Kop\u00edrovat-150x150.jpg 150w, https:\/\/hasici.vmyto.cz\/wp-content\/uploads\/2017\/03\/1999_06_25_oslavy-Strat\u00edlek_21-Kop\u00edrovat-48x48.jpg 48w, https:\/\/hasici.vmyto.cz\/wp-content\/uploads\/2017\/03\/1999_06_25_oslavy-Strat\u00edlek_21-Kop\u00edrovat-300x300.jpg 300w\" sizes=\"(max-width: 150px) 100vw, 150px\" \/><\/a>\n\t\t\t\t<\/div><\/div><div class='gallery-item gallery-item-position-9 gallery-item-attachment-3077'>\n\t\t\t\t<div class='gallery-icon landscape'>\n\t\t\t\t\t<a href='https:\/\/hasici.vmyto.cz\/wp-content\/uploads\/2017\/03\/1999_06_25_oslavy-Strat\u00edlek_22-Kop\u00edrovat-1024x717.jpg' title='1999_06_25_oslavy Strat\u00edlek_22 (Kop\u00edrovat)' target='_self'><img width=\"150\" height=\"150\" src=\"https:\/\/hasici.vmyto.cz\/wp-content\/uploads\/2017\/03\/1999_06_25_oslavy-Strat\u00edlek_22-Kop\u00edrovat-150x150.jpg\" class=\"attachment-thumbnail size-thumbnail\" alt=\"\" loading=\"lazy\" srcset=\"https:\/\/hasici.vmyto.cz\/wp-content\/uploads\/2017\/03\/1999_06_25_oslavy-Strat\u00edlek_22-Kop\u00edrovat-150x150.jpg 150w, https:\/\/hasici.vmyto.cz\/wp-content\/uploads\/2017\/03\/1999_06_25_oslavy-Strat\u00edlek_22-Kop\u00edrovat-48x48.jpg 48w, https:\/\/hasici.vmyto.cz\/wp-content\/uploads\/2017\/03\/1999_06_25_oslavy-Strat\u00edlek_22-Kop\u00edrovat-300x300.jpg 300w\" sizes=\"(max-width: 150px) 100vw, 150px\" \/><\/a>\n\t\t\t\t<\/div><\/div><div class='gallery-item gallery-item-position-10 gallery-item-attachment-3072'>\n\t\t\t\t<div class='gallery-icon landscape'>\n\t\t\t\t\t<a href='https:\/\/hasici.vmyto.cz\/wp-content\/uploads\/2017\/03\/1999_06_25_oslavy-Strat\u00edlek_15-Kop\u00edrovat-1024x717.jpg' title='1999_06_25_oslavy Strat\u00edlek_15 (Kop\u00edrovat)' target='_self'><img width=\"150\" height=\"150\" src=\"https:\/\/hasici.vmyto.cz\/wp-content\/uploads\/2017\/03\/1999_06_25_oslavy-Strat\u00edlek_15-Kop\u00edrovat-150x150.jpg\" class=\"attachment-thumbnail size-thumbnail\" alt=\"\" loading=\"lazy\" srcset=\"https:\/\/hasici.vmyto.cz\/wp-content\/uploads\/2017\/03\/1999_06_25_oslavy-Strat\u00edlek_15-Kop\u00edrovat-150x150.jpg 150w, https:\/\/hasici.vmyto.cz\/wp-content\/uploads\/2017\/03\/1999_06_25_oslavy-Strat\u00edlek_15-Kop\u00edrovat-48x48.jpg 48w, https:\/\/hasici.vmyto.cz\/wp-content\/uploads\/2017\/03\/1999_06_25_oslavy-Strat\u00edlek_15-Kop\u00edrovat-300x300.jpg 300w\" sizes=\"(max-width: 150px) 100vw, 150px\" \/><\/a>\n\t\t\t\t<\/div><\/div><div class='gallery-item gallery-item-position-11 gallery-item-attachment-3071'>\n\t\t\t\t<div class='gallery-icon landscape'>\n\t\t\t\t\t<a href='https:\/\/hasici.vmyto.cz\/wp-content\/uploads\/2017\/03\/1999_06_25_oslavy-Strat\u00edlek_14-Kop\u00edrovat-1024x717.jpg' title='1999_06_25_oslavy Strat\u00edlek_14 (Kop\u00edrovat)' target='_self'><img width=\"150\" height=\"150\" src=\"https:\/\/hasici.vmyto.cz\/wp-content\/uploads\/2017\/03\/1999_06_25_oslavy-Strat\u00edlek_14-Kop\u00edrovat-150x150.jpg\" class=\"attachment-thumbnail size-thumbnail\" alt=\"\" loading=\"lazy\" srcset=\"https:\/\/hasici.vmyto.cz\/wp-content\/uploads\/2017\/03\/1999_06_25_oslavy-Strat\u00edlek_14-Kop\u00edrovat-150x150.jpg 150w, https:\/\/hasici.vmyto.cz\/wp-content\/uploads\/2017\/03\/1999_06_25_oslavy-Strat\u00edlek_14-Kop\u00edrovat-48x48.jpg 48w, https:\/\/hasici.vmyto.cz\/wp-content\/uploads\/2017\/03\/1999_06_25_oslavy-Strat\u00edlek_14-Kop\u00edrovat-300x300.jpg 300w\" sizes=\"(max-width: 150px) 100vw, 150px\" \/><\/a>\n\t\t\t\t<\/div><\/div><div class='gallery-item gallery-item-position-12 gallery-item-attachment-3070'>\n\t\t\t\t<div class='gallery-icon landscape'>\n\t\t\t\t\t<a href='https:\/\/hasici.vmyto.cz\/wp-content\/uploads\/2017\/03\/1999_06_25_oslavy-Strat\u00edlek_13-Kop\u00edrovat-1024x714.jpg' title='1999_06_25_oslavy Strat\u00edlek_13 (Kop\u00edrovat)' target='_self'><img width=\"150\" height=\"150\" src=\"https:\/\/hasici.vmyto.cz\/wp-content\/uploads\/2017\/03\/1999_06_25_oslavy-Strat\u00edlek_13-Kop\u00edrovat-150x150.jpg\" class=\"attachment-thumbnail size-thumbnail\" alt=\"\" loading=\"lazy\" srcset=\"https:\/\/hasici.vmyto.cz\/wp-content\/uploads\/2017\/03\/1999_06_25_oslavy-Strat\u00edlek_13-Kop\u00edrovat-150x150.jpg 150w, https:\/\/hasici.vmyto.cz\/wp-content\/uploads\/2017\/03\/1999_06_25_oslavy-Strat\u00edlek_13-Kop\u00edrovat-48x48.jpg 48w, https:\/\/hasici.vmyto.cz\/wp-content\/uploads\/2017\/03\/1999_06_25_oslavy-Strat\u00edlek_13-Kop\u00edrovat-300x300.jpg 300w\" sizes=\"(max-width: 150px) 100vw, 150px\" \/><\/a>\n\t\t\t\t<\/div><\/div><div class='gallery-item gallery-item-position-13 gallery-item-attachment-3069'>\n\t\t\t\t<div class='gallery-icon landscape'>\n\t\t\t\t\t<a href='https:\/\/hasici.vmyto.cz\/wp-content\/uploads\/2017\/03\/1999_06_25_oslavy-Strat\u00edlek_12-Kop\u00edrovat-1024x715.jpg' title='1999_06_25_oslavy Strat\u00edlek_12 (Kop\u00edrovat)' target='_self'><img width=\"150\" height=\"150\" src=\"https:\/\/hasici.vmyto.cz\/wp-content\/uploads\/2017\/03\/1999_06_25_oslavy-Strat\u00edlek_12-Kop\u00edrovat-150x150.jpg\" class=\"attachment-thumbnail size-thumbnail\" alt=\"\" loading=\"lazy\" srcset=\"https:\/\/hasici.vmyto.cz\/wp-content\/uploads\/2017\/03\/1999_06_25_oslavy-Strat\u00edlek_12-Kop\u00edrovat-150x150.jpg 150w, https:\/\/hasici.vmyto.cz\/wp-content\/uploads\/2017\/03\/1999_06_25_oslavy-Strat\u00edlek_12-Kop\u00edrovat-48x48.jpg 48w, https:\/\/hasici.vmyto.cz\/wp-content\/uploads\/2017\/03\/1999_06_25_oslavy-Strat\u00edlek_12-Kop\u00edrovat-300x300.jpg 300w\" sizes=\"(max-width: 150px) 100vw, 150px\" \/><\/a>\n\t\t\t\t<\/div><\/div><div class='gallery-item gallery-item-position-14 gallery-item-attachment-3068'>\n\t\t\t\t<div class='gallery-icon landscape'>\n\t\t\t\t\t<a href='https:\/\/hasici.vmyto.cz\/wp-content\/uploads\/2017\/03\/1999_06_25_oslavy-Strat\u00edlek_11-Kop\u00edrovat-1024x717.jpg' title='1999_06_25_oslavy Strat\u00edlek_11 (Kop\u00edrovat)' target='_self'><img width=\"150\" height=\"150\" src=\"https:\/\/hasici.vmyto.cz\/wp-content\/uploads\/2017\/03\/1999_06_25_oslavy-Strat\u00edlek_11-Kop\u00edrovat-150x150.jpg\" class=\"attachment-thumbnail size-thumbnail\" alt=\"\" loading=\"lazy\" srcset=\"https:\/\/hasici.vmyto.cz\/wp-content\/uploads\/2017\/03\/1999_06_25_oslavy-Strat\u00edlek_11-Kop\u00edrovat-150x150.jpg 150w, https:\/\/hasici.vmyto.cz\/wp-content\/uploads\/2017\/03\/1999_06_25_oslavy-Strat\u00edlek_11-Kop\u00edrovat-48x48.jpg 48w, https:\/\/hasici.vmyto.cz\/wp-content\/uploads\/2017\/03\/1999_06_25_oslavy-Strat\u00edlek_11-Kop\u00edrovat-300x300.jpg 300w\" sizes=\"(max-width: 150px) 100vw, 150px\" \/><\/a>\n\t\t\t\t<\/div><\/div><div class='gallery-item gallery-item-position-15 gallery-item-attachment-3066'>\n\t\t\t\t<div class='gallery-icon landscape'>\n\t\t\t\t\t<a href='https:\/\/hasici.vmyto.cz\/wp-content\/uploads\/2017\/03\/1999_06_25_oslavy-Strat\u00edlek_09-Kop\u00edrovat-1024x714.jpg' title='1999_06_25_oslavy Strat\u00edlek_09 (Kop\u00edrovat)' target='_self'><img width=\"150\" height=\"150\" src=\"https:\/\/hasici.vmyto.cz\/wp-content\/uploads\/2017\/03\/1999_06_25_oslavy-Strat\u00edlek_09-Kop\u00edrovat-150x150.jpg\" class=\"attachment-thumbnail size-thumbnail\" alt=\"\" loading=\"lazy\" srcset=\"https:\/\/hasici.vmyto.cz\/wp-content\/uploads\/2017\/03\/1999_06_25_oslavy-Strat\u00edlek_09-Kop\u00edrovat-150x150.jpg 150w, https:\/\/hasici.vmyto.cz\/wp-content\/uploads\/2017\/03\/1999_06_25_oslavy-Strat\u00edlek_09-Kop\u00edrovat-48x48.jpg 48w, https:\/\/hasici.vmyto.cz\/wp-content\/uploads\/2017\/03\/1999_06_25_oslavy-Strat\u00edlek_09-Kop\u00edrovat-300x300.jpg 300w\" sizes=\"(max-width: 150px) 100vw, 150px\" \/><\/a>\n\t\t\t\t<\/div><\/div><div class='gallery-item gallery-item-position-16 gallery-item-attachment-3067'>\n\t\t\t\t<div class='gallery-icon landscape'>\n\t\t\t\t\t<a href='https:\/\/hasici.vmyto.cz\/wp-content\/uploads\/2017\/03\/1999_06_25_oslavy-Strat\u00edlek_10-Kop\u00edrovat-1024x706.jpg' title='1999_06_25_oslavy Strat\u00edlek_10 (Kop\u00edrovat)' target='_self'><img width=\"150\" height=\"150\" src=\"https:\/\/hasici.vmyto.cz\/wp-content\/uploads\/2017\/03\/1999_06_25_oslavy-Strat\u00edlek_10-Kop\u00edrovat-150x150.jpg\" class=\"attachment-thumbnail size-thumbnail\" alt=\"\" loading=\"lazy\" srcset=\"https:\/\/hasici.vmyto.cz\/wp-content\/uploads\/2017\/03\/1999_06_25_oslavy-Strat\u00edlek_10-Kop\u00edrovat-150x150.jpg 150w, https:\/\/hasici.vmyto.cz\/wp-content\/uploads\/2017\/03\/1999_06_25_oslavy-Strat\u00edlek_10-Kop\u00edrovat-48x48.jpg 48w, https:\/\/hasici.vmyto.cz\/wp-content\/uploads\/2017\/03\/1999_06_25_oslavy-Strat\u00edlek_10-Kop\u00edrovat-300x300.jpg 300w\" sizes=\"(max-width: 150px) 100vw, 150px\" \/><\/a>\n\t\t\t\t<\/div><\/div><\/div>\n<\/div>\n","protected":false},"excerpt":{"rendered":"","protected":false},"author":1,"featured_media":0,"parent":0,"menu_order":0,"comment_status":"closed","ping_status":"closed","template":"","meta":{"_mi_skip_tracking":false},"_links":{"self":[{"href":"https:\/\/hasici.vmyto.cz\/en\/wp-json\/wp\/v2\/pages\/3151"}],"collection":[{"href":"https:\/\/hasici.vmyto.cz\/en\/wp-json\/wp\/v2\/pages"}],"about":[{"href":"https:\/\/hasici.vmyto.cz\/en\/wp-json\/wp\/v2\/types\/page"}],"author":[{"embeddable":true,"href":"https:\/\/hasici.vmyto.cz\/en\/wp-json\/wp\/v2\/users\/1"}],"replies":[{"embeddable":true,"href":"https:\/\/hasici.vmyto.cz\/en\/wp-json\/wp\/v2\/comments?post=3151"}],"version-history":[{"count":2,"href":"https:\/\/hasici.vmyto.cz\/en\/wp-json\/wp\/v2\/pages\/3151\/revisions"}],"predecessor-version":[{"id":3153,"href":"https:\/\/hasici.vmyto.cz\/en\/wp-json\/wp\/v2\/pages\/3151\/revisions\/3153"}],"wp:attachment":[{"href":"https:\/\/hasici.vmyto.cz\/en\/wp-json\/wp\/v2\/media?parent=3151"}],"curies":[{"name":"wp","href":"https:\/\/api.w.org\/{rel}","templated":true}]}}