{"id":2308,"date":"2017-01-18T17:38:08","date_gmt":"2017-01-18T16:38:08","guid":{"rendered":"http:\/\/hasici.vmyto.cz\/?page_id=2308"},"modified":"2017-05-20T12:08:15","modified_gmt":"2017-05-20T11:08:15","slug":"almanach-1871-2000","status":"publish","type":"page","link":"https:\/\/hasici.vmyto.cz\/en\/almanach-1871-2000\/","title":{"rendered":"Almanach 1871 \u2013 2000"},"content":{"rendered":"<ul>\n<li><span style=\"color: #000000;\"><a style=\"color: #000000;\" href=\"http:\/\/hasici.vmyto.cz\/wp-content\/uploads\/2017\/01\/Almanach-2000_Historie-zalo\u017een\u00ed-sboru.pdf\">Historie zalo\u017een\u00ed sboru<\/a><\/span><\/li>\n<li><span style=\"color: #000000;\"><a style=\"color: #000000;\" href=\"http:\/\/hasici.vmyto.cz\/wp-content\/uploads\/2016\/08\/Almanach-2000_Historie-M\u00fdta.pdf\">Historie zalo\u017een\u00ed Vysok\u00e9ho\u00a0M\u00fdta<\/a><\/span><\/li>\n<li><span style=\"color: #000000;\"><a style=\"color: #000000;\" href=\"http:\/\/hasici.vmyto.cz\/wp-content\/uploads\/2017\/01\/Almanach-2000_Strat\u00edlek.pdf\">V\u00e1clav Ign\u00e1c Strat\u00edlek<\/a><\/span><\/li>\n<li><span style=\"color: #000000;\"><a style=\"color: #000000;\" href=\"http:\/\/hasici.vmyto.cz\/wp-content\/uploads\/2017\/01\/V\u00fdstroj-a-v\u00fdzbroj-hasi\u010dsk\u00e9ho-sboru.pdf\">V\u00fdstroj a v\u00fdzbroj hasi\u010dsk\u00e9ho sboru<\/a><\/span><\/li>\n<li><span style=\"color: #000000;\"><a style=\"color: #000000;\" href=\"http:\/\/hasici.vmyto.cz\/wp-content\/uploads\/2017\/01\/Po\u017e\u00e1ry-ve-Vysok\u00e9m-M\u00fdt\u011b.pdf\">Po\u017e\u00e1ry ve Vysok\u00e9m M\u00fdt\u011b<\/a><\/span><\/li>\n<li><span style=\"color: #000000;\">\u00a0<a style=\"color: #000000;\" href=\"http:\/\/hasici.vmyto.cz\/wp-content\/uploads\/2017\/01\/Slovo-z\u00e1v\u011brem.pdf\">Slovo z\u00e1v\u011brem<\/a><\/span><\/li>\n<\/ul>\n","protected":false},"excerpt":{"rendered":"<p>Historie zalo\u017een\u00ed sboru Historie zalo\u017een\u00ed Vysok\u00e9ho\u00a0M\u00fdta V\u00e1clav Ign\u00e1c Strat\u00edlek V\u00fdstroj a v\u00fdzbroj hasi\u010dsk\u00e9ho sboru Po\u017e\u00e1ry ve Vysok\u00e9m M\u00fdt\u011b \u00a0Slovo z\u00e1v\u011brem<\/p>\n","protected":false},"author":1,"featured_media":0,"parent":0,"menu_order":0,"comment_status":"closed","ping_status":"closed","template":"","meta":{"_mi_skip_tracking":false},"_links":{"self":[{"href":"https:\/\/hasici.vmyto.cz\/en\/wp-json\/wp\/v2\/pages\/2308"}],"collection":[{"href":"https:\/\/hasici.vmyto.cz\/en\/wp-json\/wp\/v2\/pages"}],"about":[{"href":"https:\/\/hasici.vmyto.cz\/en\/wp-json\/wp\/v2\/types\/page"}],"author":[{"embeddable":true,"href":"https:\/\/hasici.vmyto.cz\/en\/wp-json\/wp\/v2\/users\/1"}],"replies":[{"embeddable":true,"href":"https:\/\/hasici.vmyto.cz\/en\/wp-json\/wp\/v2\/comments?post=2308"}],"version-history":[{"count":4,"href":"https:\/\/hasici.vmyto.cz\/en\/wp-json\/wp\/v2\/pages\/2308\/revisions"}],"predecessor-version":[{"id":3786,"href":"https:\/\/hasici.vmyto.cz\/en\/wp-json\/wp\/v2\/pages\/2308\/revisions\/3786"}],"wp:attachment":[{"href":"https:\/\/hasici.vmyto.cz\/en\/wp-json\/wp\/v2\/media?parent=2308"}],"curies":[{"name":"wp","href":"https:\/\/api.w.org\/{rel}","templated":true}]}}