{"id":180,"date":"2017-01-09T23:08:07","date_gmt":"2017-01-09T22:08:07","guid":{"rendered":"http:\/\/hasici.vmyto.cz\/?page_id=180"},"modified":"2022-05-07T17:41:14","modified_gmt":"2022-05-07T16:41:14","slug":"cas-32-t-815","status":"publish","type":"page","link":"https:\/\/hasici.vmyto.cz\/en\/technika\/cas-32-t-815\/","title":{"rendered":"Cisternov\u00e1 automobilov\u00e1 st\u0159\u00edka\u010dka"},"content":{"rendered":"\n<p style=\"text-align: justify\">CAS 30\/9000\/540 S2R \u2013 T815 se svoj\u00ed koncepc\u00ed \u0159ad\u00ed mezi cisterny pro z\u00e1sah vodou nebo p\u011bnou. Je to speci\u00e1ln\u00ed vozidlo ur\u010den\u00e9 pro provoz na pozemn\u00edch komunikac\u00edch, lesn\u00edch cest\u00e1ch a v ter\u00e9nu. Automobil je postaven na t\u0159\u00edn\u00e1pravov\u00e9m podvozku Tatra&nbsp;a je vybaven odst\u0159ediv\u00fdm \u010derpadlem THT PKA 3000, vodn\u00ed a p\u011bnidlovou n\u00e1dr\u017e\u00ed. Vozidlo je ur\u010deno pro p\u0159epravu \u010dty\u0159 \u010dlenn\u00e9 pos\u00e1dky.<\/p>\n\n\n\n<h3><strong>PODVOZEK<\/strong><\/h3>\n\n\n\n<p>Podvozek <em>T815 6&#215;6 <\/em>je t\u0159\u00edn\u00e1pravov\u00fd s p\u0159ipojiteln\u00fdm pohonem p\u0159edn\u00ed n\u00e1pravy a s pr\u016fb\u011b\u017en\u00fdm r\u00e1mem.<\/p>\n\n\n\n<h3><strong>KAROSERIE<\/strong><\/h3>\n\n\n\n<p>Skl\u00e1d\u00e1 se z kabiny \u0159idi\u010de, kter\u00e1 je sou\u010d\u00e1st\u00ed podvozku a \u00fa\u010delov\u00e9 n\u00e1stavby hasic\u00edho za\u0159\u00edzen\u00ed, kter\u00e1 je rozd\u011blena na:<\/p>\n\n\n\n<ul><li>P\u0159edn\u00ed sk\u0159\u00ed\u0148 pro po\u017e\u00e1rn\u00ed p\u0159\u00edslu\u0161enstv\u00ed,<\/li><li>n\u00e1dr\u017e na p\u011bnidlo a vodu,<\/li><li>&nbsp;zadn\u00ed sk\u0159\u00ed\u0148 pro po\u017e\u00e1rn\u00ed p\u0159\u00edslu\u0161enstv\u00ed a \u010derpac\u00ed za\u0159\u00edzen\u00ed.<\/li><\/ul>\n\n\n\n<p>Kabina \u0159idi\u010de jednoprostorov\u00e1, sklopn\u00e1, dvoudve\u0159ov\u00e1, ur\u010den\u00e1 k&nbsp;p\u0159eprav\u011b dru\u017estva o po\u010dtu 1 + 3.<\/p>\n\n\n\n<p>Vozidlo je vybaveno p\u0159\u00edslu\u0161enstv\u00edm pot\u0159ebn\u00fdm k proveden\u00ed po\u017e\u00e1rn\u00edho z\u00e1sahu vodou nebo p\u011bnou z vlastn\u00edho nebo ciz\u00edho zdroje p\u0159i pou\u017eit\u00ed n\u00edzk\u00e9ho nebo vysok\u00e9ho tlaku vody.<\/p>\n\n\n\n<h3><strong>\u010c<\/strong><strong>ERPAC\u00cd ZA<\/strong><strong>\u0158<\/strong><strong>\u00cdZEN\u00cd \u2013 <\/strong><strong>\u010c<\/strong><strong>ERPADLO THT PKA 3000<\/strong><\/h3>\n\n\n\n<ul><li>jmenovit\u00fd pr\u016ftok \u2013 n\u00edzkotlak 3 000 l\/min<\/li><li>jmenovit\u00fd manometrick\u00fd tlak 1,0 MPa<\/li><li>jmenovit\u00e1 sac\u00ed v\u00fd\u0161ka 3 m<\/li><li>jmenovit\u00fd pr\u016ftok \u2013 vysokotlak 250 l\/min<\/li><li>jmenovit\u00fd manometrick\u00fd tlak \u2013 vysokotlak 4,0 MPa<\/li><\/ul>\n\n\n\n<h3><strong>N\u00c1DR\u017dE<\/strong><\/h3>\n\n\n\n<ul><li>objem n\u00e1dr\u017ee na vodu&nbsp;9 000 l<\/li><li>objem n\u00e1dr\u017ee na p\u011bnidlo 540 l<\/li><\/ul>\n\n\n\n<h3><strong>PR<\/strong><strong>\u016e<\/strong><strong>TOKOV\u00dd NAVIJ\u00c1K<\/strong><\/h3>\n\n\n\n<ul><li>pohon nav\u00edjen\u00ed hadice elektromotor<\/li><li>hadice STABILO-STAR G DN 25 d\u00e9lka 60 m<\/li><li>pistolov\u00e1 proudnice AWG<\/li><\/ul>\n\n\n\n<h3><strong>OSV<\/strong><strong>\u011a<\/strong><strong>TLOVAC\u00cd STO\u017d\u00c1R<\/strong><\/h3>\n\n\n\n<ul><li>typ TEKLITE TF 340 ET\/3<\/li><li>v\u00fdsuv pneumatick\u00fd<\/li><li>v\u00fd\u0161ka nad \u00farovn\u00ed ter\u00e9nu cca 5 000 mm<\/li><li>po\u010det reflektor\u016f 4x LED 24<\/li><\/ul>\n\n\n\n<h3><strong>TECHNICK\u00c9 \u00daDAJE<\/strong><\/h3>\n\n\n\n<ul><li><strong>Maxim\u00e1ln\u00ed rychlost: <\/strong>100 km\/h<\/li><li><strong>D\u00e9lka: <\/strong>8 510 mm<\/li><li><strong>\u0160\u00ed\u0159ka: <\/strong>2 500&nbsp;mm<\/li><li><strong>V\u00fd\u0161ka: <\/strong>3 350&nbsp;mm<\/li><li><strong>Pohotovostn\u00ed hmotnost: <\/strong>12 950&nbsp;kg<\/li><li><strong>U\u017eite\u010dn\u00fd n\u00e1klad: <\/strong>9 550&nbsp;kg<\/li><li><strong>Skute\u010dn\u00e1 celkov\u00e1 hmotnost: <\/strong>22 500&nbsp;kg<\/li><li><strong>M\u00edst k&nbsp;sezen\u00ed: <\/strong>1 + 3<\/li><\/ul>\n","protected":false},"excerpt":{"rendered":"<p>CAS 30\/9000\/540 S2R \u2013 T815 se svoj\u00ed koncepc\u00ed \u0159ad\u00ed mezi cisterny pro z\u00e1sah vodou nebo p\u011bnou. Je to speci\u00e1ln\u00ed vozidlo ur\u010den\u00e9 pro provoz na pozemn\u00edch komunikac\u00edch, lesn\u00edch cest\u00e1ch a v&#8230;<\/p>\n","protected":false},"author":1,"featured_media":10786,"parent":19,"menu_order":0,"comment_status":"closed","ping_status":"closed","template":"","meta":{"_mi_skip_tracking":false},"_links":{"self":[{"href":"https:\/\/hasici.vmyto.cz\/en\/wp-json\/wp\/v2\/pages\/180"}],"collection":[{"href":"https:\/\/hasici.vmyto.cz\/en\/wp-json\/wp\/v2\/pages"}],"about":[{"href":"https:\/\/hasici.vmyto.cz\/en\/wp-json\/wp\/v2\/types\/page"}],"author":[{"embeddable":true,"href":"https:\/\/hasici.vmyto.cz\/en\/wp-json\/wp\/v2\/users\/1"}],"replies":[{"embeddable":true,"href":"https:\/\/hasici.vmyto.cz\/en\/wp-json\/wp\/v2\/comments?post=180"}],"version-history":[{"count":59,"href":"https:\/\/hasici.vmyto.cz\/en\/wp-json\/wp\/v2\/pages\/180\/revisions"}],"predecessor-version":[{"id":10931,"href":"https:\/\/hasici.vmyto.cz\/en\/wp-json\/wp\/v2\/pages\/180\/revisions\/10931"}],"up":[{"embeddable":true,"href":"https:\/\/hasici.vmyto.cz\/en\/wp-json\/wp\/v2\/pages\/19"}],"wp:featuredmedia":[{"embeddable":true,"href":"https:\/\/hasici.vmyto.cz\/en\/wp-json\/wp\/v2\/media\/10786"}],"wp:attachment":[{"href":"https:\/\/hasici.vmyto.cz\/en\/wp-json\/wp\/v2\/media?parent=180"}],"curies":[{"name":"wp","href":"https:\/\/api.w.org\/{rel}","templated":true}]}}