{"id":174,"date":"2017-01-09T23:02:37","date_gmt":"2017-01-09T22:02:37","guid":{"rendered":"http:\/\/hasici.vmyto.cz\/?page_id=174"},"modified":"2022-04-12T12:59:19","modified_gmt":"2022-04-12T11:59:19","slug":"historie-sboru","status":"publish","type":"page","link":"https:\/\/hasici.vmyto.cz\/en\/o-sboru\/historie-sboru\/","title":{"rendered":"FB History"},"content":{"rendered":"<p><\/p>\n<p id=\"tw-target-text\" class=\"tw-data-text tw-ta tw-text-medium\" dir=\"ltr\" data-placeholder=\"P\u0159eklad\"><strong><span lang=\"en\">Formation of a fire brigade in Vysok\u00e9 M\u00fdto<\/span><\/strong><\/p>\n<p style=\"text-align: justify;\">In the sixties of the 19th century, according to the federal law, various associations were founded, their main purpose being to contribute to national revival. These societies also included gymnastic unities and gymnasium fire brigades. The first regular Fire Brigade as a separate Czech organization was founded in Velvary in 1864. Following his pattern, efforts have been made to build firefighters first in large cities, then in smaller towns and municipalities.<\/p>\n<p id=\"tw-target-text\" class=\"tw-data-text tw-ta tw-text-small\" dir=\"ltr\" style=\"text-align: justify;\" data-placeholder=\"P\u0159eklad\"><span lang=\"en\">There were many citizens in Vysok\u00e9 M\u00fdto who, like the other cities, wanted to establish a gym &#8211; fire unity, and that was done in 1869.<\/span><\/p>\n<p style=\"text-align: justify;\">In 1871, with the support of Dr. Slav\u00edk, who was a member of the committee, an association called &#8220;<em>Sokolsko &#8211; hasi\u010dsk\u00e1 jednota<\/em>&#8221; was established.<\/p>\n<p><img loading=\"lazy\" class=\"aligncenter wp-image-5690 size-large\" src=\"http:\/\/hasici.vmyto.cz\/wp-content\/uploads\/2018\/02\/1978_01_03_22D-02981-1024x685.jpg\" alt=\"\" width=\"740\" height=\"495\" srcset=\"https:\/\/hasici.vmyto.cz\/wp-content\/uploads\/2018\/02\/1978_01_03_22D-02981.jpg 1024w, https:\/\/hasici.vmyto.cz\/wp-content\/uploads\/2018\/02\/1978_01_03_22D-02981-300x201.jpg 300w, https:\/\/hasici.vmyto.cz\/wp-content\/uploads\/2018\/02\/1978_01_03_22D-02981-768x514.jpg 768w, https:\/\/hasici.vmyto.cz\/wp-content\/uploads\/2018\/02\/1978_01_03_22D-02981-150x100.jpg 150w, https:\/\/hasici.vmyto.cz\/wp-content\/uploads\/2018\/02\/1978_01_03_22D-02981-250x167.jpg 250w, https:\/\/hasici.vmyto.cz\/wp-content\/uploads\/2018\/02\/1978_01_03_22D-02981-550x368.jpg 550w, https:\/\/hasici.vmyto.cz\/wp-content\/uploads\/2018\/02\/1978_01_03_22D-02981-800x535.jpg 800w, https:\/\/hasici.vmyto.cz\/wp-content\/uploads\/2018\/02\/1978_01_03_22D-02981-269x180.jpg 269w, https:\/\/hasici.vmyto.cz\/wp-content\/uploads\/2018\/02\/1978_01_03_22D-02981-448x300.jpg 448w, https:\/\/hasici.vmyto.cz\/wp-content\/uploads\/2018\/02\/1978_01_03_22D-02981-747x500.jpg 747w, https:\/\/hasici.vmyto.cz\/wp-content\/uploads\/2018\/02\/1978_01_03_22D-02981-24x16.jpg 24w, https:\/\/hasici.vmyto.cz\/wp-content\/uploads\/2018\/02\/1978_01_03_22D-02981-36x24.jpg 36w, https:\/\/hasici.vmyto.cz\/wp-content\/uploads\/2018\/02\/1978_01_03_22D-02981-48x32.jpg 48w\" sizes=\"(max-width: 740px) 100vw, 740px\" \/><\/p>","protected":false},"excerpt":{"rendered":"<p>Formation of a fire brigade in Vysok\u00e9 M\u00fdto In the sixties of the 19th century, according to the federal law, various associations were founded, their main purpose being to contribute&#8230;<\/p>\n","protected":false},"author":1,"featured_media":0,"parent":177,"menu_order":0,"comment_status":"closed","ping_status":"closed","template":"","meta":{"_mi_skip_tracking":false},"_links":{"self":[{"href":"https:\/\/hasici.vmyto.cz\/en\/wp-json\/wp\/v2\/pages\/174"}],"collection":[{"href":"https:\/\/hasici.vmyto.cz\/en\/wp-json\/wp\/v2\/pages"}],"about":[{"href":"https:\/\/hasici.vmyto.cz\/en\/wp-json\/wp\/v2\/types\/page"}],"author":[{"embeddable":true,"href":"https:\/\/hasici.vmyto.cz\/en\/wp-json\/wp\/v2\/users\/1"}],"replies":[{"embeddable":true,"href":"https:\/\/hasici.vmyto.cz\/en\/wp-json\/wp\/v2\/comments?post=174"}],"version-history":[{"count":74,"href":"https:\/\/hasici.vmyto.cz\/en\/wp-json\/wp\/v2\/pages\/174\/revisions"}],"predecessor-version":[{"id":10809,"href":"https:\/\/hasici.vmyto.cz\/en\/wp-json\/wp\/v2\/pages\/174\/revisions\/10809"}],"up":[{"embeddable":true,"href":"https:\/\/hasici.vmyto.cz\/en\/wp-json\/wp\/v2\/pages\/177"}],"wp:attachment":[{"href":"https:\/\/hasici.vmyto.cz\/en\/wp-json\/wp\/v2\/media?parent=174"}],"curies":[{"name":"wp","href":"https:\/\/api.w.org\/{rel}","templated":true}]}}