{"id":171,"date":"2017-01-09T23:02:18","date_gmt":"2017-01-09T22:02:18","guid":{"rendered":"http:\/\/hasici.vmyto.cz\/?page_id=171"},"modified":"2022-04-12T11:24:33","modified_gmt":"2022-04-12T10:24:33","slug":"clenove-sdh","status":"publish","type":"page","link":"https:\/\/hasici.vmyto.cz\/en\/o-sboru\/clenove-sdh\/","title":{"rendered":"FB Members"},"content":{"rendered":"<p><\/p>\n<div class=\"editor-area\">\n<table style=\"width: 471px; margin-left: 180px; height: 646px;\" border=\"1\" summary=\"bla\" cellspacing=\"1\" cellpadding=\"1\" align=\"center\">\n<tbody>\n<tr>\n<td style=\"background-color: #ffff00; text-align: center;\"><span style=\"color: #000000;\"><strong> <b>Surname and name<\/b><\/strong><\/span><\/td>\n<td style=\"background-color: #ffff00; text-align: center;\"><span style=\"color: #000000;\"><b>Function<\/b><\/span><\/td>\n<\/tr>\n<tr>\n<td style=\"text-align: left; padding-left: 30px;\"><span style=\"color: #000000;\">Hynek Petr<strong>\u00a0<\/strong><\/span><\/td>\n<td style=\"text-align: center;\"><strong><span style=\"color: #000000;\"><span style=\"caret-color: #000000;\">Mayor of SDH<\/span><\/span><\/strong><\/td>\n<\/tr>\n<tr>\n<td style=\"text-align: left; padding-left: 30px;\"><span style=\"color: #000000;\">Motl Petr\u00a0<\/span><\/td>\n<td style=\"text-align: center;\"><strong><span style=\"color: #000000;\">Deputy <span style=\"caret-color: #000000;\">SDH<\/span><\/span><\/strong><em><span style=\"color: #000000;\"><strong>\u00a0<\/strong><\/span><\/em><\/td>\n<\/tr>\n<tr>\n<td style=\"text-align: left; padding-left: 30px;\"><span style=\"color: #000000;\">Chadima Patrik<\/span><\/td>\n<td style=\"text-align: center;\"><strong>SDH Commander<\/strong><\/td>\n<\/tr>\n<tr>\n<td style=\"text-align: left; padding-left: 30px;\"><span style=\"color: #000000;\">Lipavsk\u00fd Ale\u0161<\/span><\/td>\n<td style=\"text-align: center;\"><strong><span style=\"color: #000000;\">\u00a0Treasurer of <span style=\"caret-color: #000000;\">SDH<\/span><\/span><\/strong><\/td>\n<\/tr>\n<tr>\n<td style=\"text-align: left; padding-left: 30px;\"><span style=\"color: #000000;\">Brandov\u00e1 Kate\u0159ina<\/span><\/td>\n<td style=\"text-align: center;\"><strong>Youth leader<\/strong><\/td>\n<\/tr>\n<tr>\n<td style=\"text-align: left; padding-left: 30px;\"><span style=\"color: #000000;\">Jirs\u00e1k Martin<\/span><\/td>\n<td style=\"text-align: center;\"><strong>Member of the SDH Committee<\/strong><\/td>\n<\/tr>\n<tr>\n<td style=\"text-align: left; padding-left: 30px;\"><span style=\"color: #000000;\">Kraus Jaroslav<\/span><\/td>\n<td style=\"text-align: center;\"><strong>Member of the SDH Committee<\/strong><\/td>\n<\/tr>\n<tr>\n<td style=\"text-align: left; padding-left: 30px;\"><span style=\"color: #000000;\">Zvej\u0161ka Ji\u0159\u00ed ml.<\/span><\/td>\n<td style=\"text-align: center;\"><strong>Member of the SDH Committee<\/strong><\/td>\n<\/tr>\n<tr>\n<td style=\"background-color: #ffffff; text-align: left; padding-left: 30px;\">Mikuleck\u00fd Luk\u00e1\u0161<\/td>\n<td style=\"text-align: center; background-color: #ffffff;\"><strong>Member of the SDH Committee<\/strong><\/td>\n<\/tr>\n<tr>\n<th colspan=\"2\"><span style=\"color: #ff0000;\">Full members of SDH<\/span><\/th>\n<\/tr>\n<tr>\n<td style=\"text-align: center;\"><span style=\"color: #000000;\">\u00a0Antoch Jarom\u00edr<\/span><\/td>\n<td style=\"text-align: center;\">Laba\u00a0\u00a0Milan<\/td>\n<\/tr>\n<tr>\n<td style=\"text-align: center;\"><span style=\"color: #000000;\">\u00a0Bene\u0161\u00a0Zden\u011bk\u00a0\u00a0 <\/span><\/td>\n<td style=\"text-align: center;\">M\u011bkota\u00a0Josef<\/td>\n<\/tr>\n<tr>\n<td style=\"text-align: center;\">\u00a0Branda Tom\u00e1\u0161<\/td>\n<td style=\"text-align: center;\">\u00a0Navr\u00e1til\u00a0Pavel<\/td>\n<\/tr>\n<tr>\n<td style=\"text-align: center;\">\u00a0\u00a0Dvo\u0159\u00e1k Michal ml.<\/td>\n<td style=\"text-align: center;\">Navr\u00e1tilov\u00e1\u00a0\u00a0Marta<\/td>\n<\/tr>\n<tr>\n<td style=\"text-align: center;\">Dvo\u0159\u00e1k\u00a0Michal st.<\/td>\n<td style=\"text-align: center;\">Neudert\u00a0\u00a0Luk\u00e1\u0161<\/td>\n<\/tr>\n<tr>\n<td style=\"text-align: center;\">\u00a0Hloup\u00fd\u00a0Lubo\u0161<\/td>\n<td style=\"text-align: center;\">Neudert\u00a0Zbyn\u011bk ml.<\/td>\n<\/tr>\n<tr>\n<td style=\"text-align: center;\">\u00a0Hynek\u00a0\u00a0Luk\u00e1\u0161<\/td>\n<td style=\"text-align: center;\">Neudert\u00a0Zbyn\u011bk st.<\/td>\n<\/tr>\n<tr>\n<td style=\"text-align: center;\">Hynek\u00a0Milan<\/td>\n<td style=\"text-align: center;\">Petr\u00e1\u0148ov\u00e1\u00a0Martina<\/td>\n<\/tr>\n<tr>\n<td style=\"text-align: center;\">\u00a0Janovec\u00a0\u00a0Ji\u0159\u00ed<\/td>\n<td style=\"text-align: center;\">Rozl\u00edvkov\u00e1\u00a0\u00a0Iveta<\/td>\n<\/tr>\n<tr>\n<td style=\"text-align: center;\">\u00a0Janovcov\u00e1\u00a0Hana<\/td>\n<td style=\"text-align: center;\"><span style=\"color: #000000;\">\u00a0Rozto\u010dil\u00a0Ladislav\u00a0 <\/span><\/td>\n<\/tr>\n<tr>\n<td style=\"text-align: center;\"><span style=\"color: #000000;\">\u00a0\u00a0Joke\u0161\u00a0Petr<\/span><\/td>\n<td style=\"text-align: center;\">\u00a0Rozto\u010dilov\u00e1\u00a0\u00a0Olga<\/td>\n<\/tr>\n<tr>\n<td style=\"text-align: center;\">\u00a0K\u00e1ral\u00a0Milan<\/td>\n<td style=\"text-align: center;\">\u00a0Syrov\u00fd\u00a0Daniel<\/td>\n<\/tr>\n<tr>\n<td style=\"text-align: center;\">\u00a0Kocian\u00a0Filip<\/td>\n<td style=\"text-align: center;\"><span style=\"color: #000000;\">\u00a0Stan\u011bk\u00a0\u00a0Josef\u00a0<\/span><\/td>\n<\/tr>\n<tr>\n<td style=\"text-align: center;\">\u00a0Kov\u00e1\u0159\u00a0Petr<\/td>\n<td style=\"text-align: center;\">Vol\u00e1kov\u00e1\u00a0Kl\u00e1ra<\/td>\n<\/tr>\n<tr>\n<td style=\"text-align: center;\"><span style=\"color: #000000;\">Krausov\u00e1\u00a0Antonie\u00a0<\/span><\/td>\n<td style=\"text-align: center;\">\u00a0Zerz\u00e1n\u00a0Vojt\u011bch<\/td>\n<\/tr>\n<tr>\n<td style=\"text-align: center;\"><span style=\"color: #000000;\">\u00a0Kroul\u00edk\u00a0Franti\u0161ek<\/span><\/td>\n<td style=\"text-align: center;\">\u00a0Zvej\u0161ka\u00a0Ji\u0159\u00ed st.<\/td>\n<\/tr>\n<tr>\n<td style=\"text-align: center;\">\u00a0Kus\u00e1\u00a0Lenka<\/td>\n<td style=\"text-align: center;\"><span style=\"color: #000000;\"><strong>\u00a0<\/strong><\/span><\/td>\n<\/tr>\n<\/tbody>\n<\/table>\n<\/div>\n<p><\/p>","protected":false},"excerpt":{"rendered":"<p>Surname and name Function Hynek Petr\u00a0 Mayor of SDH Motl Petr\u00a0 Deputy SDH\u00a0 Chadima Patrik SDH Commander Lipavsk\u00fd Ale\u0161 \u00a0Treasurer of SDH Brandov\u00e1 Kate\u0159ina Youth leader Jirs\u00e1k Martin Member of&#8230;<\/p>\n","protected":false},"author":1,"featured_media":0,"parent":177,"menu_order":0,"comment_status":"closed","ping_status":"closed","template":"","meta":{"_mi_skip_tracking":false},"_links":{"self":[{"href":"https:\/\/hasici.vmyto.cz\/en\/wp-json\/wp\/v2\/pages\/171"}],"collection":[{"href":"https:\/\/hasici.vmyto.cz\/en\/wp-json\/wp\/v2\/pages"}],"about":[{"href":"https:\/\/hasici.vmyto.cz\/en\/wp-json\/wp\/v2\/types\/page"}],"author":[{"embeddable":true,"href":"https:\/\/hasici.vmyto.cz\/en\/wp-json\/wp\/v2\/users\/1"}],"replies":[{"embeddable":true,"href":"https:\/\/hasici.vmyto.cz\/en\/wp-json\/wp\/v2\/comments?post=171"}],"version-history":[{"count":30,"href":"https:\/\/hasici.vmyto.cz\/en\/wp-json\/wp\/v2\/pages\/171\/revisions"}],"predecessor-version":[{"id":10781,"href":"https:\/\/hasici.vmyto.cz\/en\/wp-json\/wp\/v2\/pages\/171\/revisions\/10781"}],"up":[{"embeddable":true,"href":"https:\/\/hasici.vmyto.cz\/en\/wp-json\/wp\/v2\/pages\/177"}],"wp:attachment":[{"href":"https:\/\/hasici.vmyto.cz\/en\/wp-json\/wp\/v2\/media?parent=171"}],"curies":[{"name":"wp","href":"https:\/\/api.w.org\/{rel}","templated":true}]}}