{"id":713,"date":"2017-01-12T18:16:47","date_gmt":"2017-01-12T17:16:47","guid":{"rendered":"http:\/\/hasici.vmyto.cz\/?page_id=713"},"modified":"2024-01-01T21:40:52","modified_gmt":"2024-01-01T20:40:52","slug":"vyjezdy-2016","status":"publish","type":"page","link":"https:\/\/hasici.vmyto.cz\/de\/vyjezdy-2016\/","title":{"rendered":"Eins\u00e4tze"},"content":{"rendered":"<p><\/p>\n<ul>\n<li><span style=\"color: #000000;\"><a style=\"color: #000000;\" href=\"http:\/\/hasici.vmyto.cz\/de\/category\/takticke-cviceni-2022\/\"><strong>Taktisch \u00dcbungen 2022<\/strong><\/a><\/span><\/li>\n<li><span style=\"color: #000000;\"><a style=\"color: #000000;\" href=\"http:\/\/hasici.vmyto.cz\/de\/category\/zprava-o-cinnosti-2022\/\"><strong>T\u00e4tigkeitsbericht 2022<\/strong><\/a><\/span><\/li>\n<\/ul>\n<hr \/>\n<ul>\n<li><span style=\"color: #000000;\"><a style=\"color: #000000;\" href=\"http:\/\/hasici.vmyto.cz\/de\/category\/takticke-cviceni-2021\/\"><strong>Taktisch \u00dcbungen 2021<\/strong><\/a><\/span><\/li>\n<li><span style=\"color: #000000;\"><a style=\"color: #000000;\" href=\"http:\/\/hasici.vmyto.cz\/de\/category\/zprava-o-cinnosti-2021\/\"><strong>T\u00e4tigkeitsbericht 2021<\/strong><\/a><\/span><\/li>\n<\/ul>\n<hr \/>\n<ul>\n<li><span style=\"color: #000000;\"><a style=\"color: #000000;\" href=\"http:\/\/hasici.vmyto.cz\/de\/category\/takticke-cviceni-2021\/\"><strong>Taktisch \u00dcbungen 2021<\/strong><\/a><\/span><\/li>\n<li><span style=\"color: #000000;\"><a style=\"color: #000000;\" href=\"http:\/\/hasici.vmyto.cz\/de\/category\/zprava-o-cinnosti-2021\/\"><strong>T\u00e4tigkeitsbericht 2021<\/strong><\/a><\/span><\/li>\n<\/ul>\n<hr \/>\n<ul>\n<li><span style=\"color: #000000;\"><a style=\"color: #000000;\" href=\"http:\/\/hasici.vmyto.cz\/de\/category\/takticke-cviceni-2020\/\"><strong>Taktisch \u00dcbungen 2020<\/strong><\/a><\/span><\/li>\n<li><span style=\"color: #000000;\"><strong style=\"color: #000000;\"><a style=\"color: #000000;\" href=\"http:\/\/hasici.vmyto.cz\/de\/category\/zprava-o-cinnosti-2020\/\">T\u00e4tigkeitsbericht 2020<\/a><\/strong><\/span><\/li>\n<li><span style=\"color: #000000;\"><strong><a style=\"color: #000000;\" href=\"http:\/\/hasici.vmyto.cz\/de\/mapa-vyjezdu-2020\/\">Karte Reisen 2020<\/a><\/strong><\/span><\/li>\n<\/ul>\n<hr \/>\n<ul>\n<li><span style=\"color: #000000;\"><a style=\"color: #000000;\" href=\"http:\/\/hasici.vmyto.cz\/de\/category\/takticke-cviceni-2019\/\"><strong>Taktisch \u00dcbungen 2019<\/strong><\/a><\/span><\/li>\n<li><span style=\"color: #000000;\"><strong style=\"color: #000000;\"><a style=\"color: #000000;\" href=\"http:\/\/hasici.vmyto.cz\/de\/category\/zprava-o-cinnosti-2019\/\">T\u00e4tigkeitsbericht 2019<\/a><\/strong><\/span><\/li>\n<li><a style=\"color: #000000;\" href=\"http:\/\/hasici.vmyto.cz\/de\/mapa-vyjezdu-2019\/\"><strong>Karte Reisen 2019<\/strong><\/a><\/li>\n<\/ul>\n<hr \/>\n<ul>\n<li><span style=\"color: #000000;\"><a style=\"color: #000000;\" href=\"http:\/\/hasici.vmyto.cz\/de\/category\/takticke-cviceni-2018\/\"><strong>Taktisch \u00dcbungen 2018<\/strong><\/a><\/span><\/li>\n<li><span style=\"color: #000000;\"><a style=\"color: #000000;\" href=\"http:\/\/hasici.vmyto.cz\/de\/category\/zprava-o-cinnosti-2018\/\"><strong>T\u00e4tigkeitsbericht 2018<\/strong><\/a><\/span><\/li>\n<li>\n<p class=\"page-title\"><span style=\"color: #000000;\"><a style=\"color: #000000;\" href=\"http:\/\/hasici.vmyto.cz\/de\/mapa-vyjezdu-2018\/\"><strong>Karte Reisen 2018<\/strong><\/a><\/span><\/p>\n<\/li>\n<\/ul>\n<hr \/>\n<ul>\n<li><strong><span style=\"color: #000000;\"><a style=\"color: #000000;\" href=\"http:\/\/hasici.vmyto.cz\/de\/category\/takticke-cviceni\/\">Taktisch \u00dcbungen 2017<\/a><\/span><\/strong><\/li>\n<li><strong><span style=\"color: #000000;\"><a style=\"color: #000000;\" href=\"http:\/\/hasici.vmyto.cz\/category\/zprava-o-cinnosti\/\">T\u00e4tigkeitsbericht 2017<\/a><\/span><\/strong><\/li>\n<li><strong><span style=\"color: #000000;\"><a style=\"color: #000000;\" href=\"http:\/\/hasici.vmyto.cz\/de\/mapa-vyjezdu\/\">Karte Reisen 2017<\/a><\/span><\/strong><\/li>\n<\/ul>\n<hr \/>\n<ul>\n<li><strong><span style=\"color: #000000;\"><a style=\"color: #000000;\" href=\"http:\/\/hasici.vmyto.cz\/de\/category\/statistiky\/\">Statistiken<\/a><\/span><\/strong><\/li>\n<\/ul>\n<p><\/p>","protected":false},"excerpt":{"rendered":"<p>Taktisch \u00dcbungen 2022 T\u00e4tigkeitsbericht 2022 Taktisch \u00dcbungen 2021 T\u00e4tigkeitsbericht 2021 Taktisch \u00dcbungen 2021 T\u00e4tigkeitsbericht 2021 Taktisch \u00dcbungen 2020 T\u00e4tigkeitsbericht 2020 Karte Reisen 2020 Taktisch \u00dcbungen 2019 T\u00e4tigkeitsbericht 2019 Karte Reisen&#8230;<\/p>\n","protected":false},"author":1,"featured_media":0,"parent":0,"menu_order":0,"comment_status":"closed","ping_status":"closed","template":"","meta":{"_mi_skip_tracking":false},"_links":{"self":[{"href":"https:\/\/hasici.vmyto.cz\/de\/wp-json\/wp\/v2\/pages\/713"}],"collection":[{"href":"https:\/\/hasici.vmyto.cz\/de\/wp-json\/wp\/v2\/pages"}],"about":[{"href":"https:\/\/hasici.vmyto.cz\/de\/wp-json\/wp\/v2\/types\/page"}],"author":[{"embeddable":true,"href":"https:\/\/hasici.vmyto.cz\/de\/wp-json\/wp\/v2\/users\/1"}],"replies":[{"embeddable":true,"href":"https:\/\/hasici.vmyto.cz\/de\/wp-json\/wp\/v2\/comments?post=713"}],"version-history":[{"count":49,"href":"https:\/\/hasici.vmyto.cz\/de\/wp-json\/wp\/v2\/pages\/713\/revisions"}],"predecessor-version":[{"id":12479,"href":"https:\/\/hasici.vmyto.cz\/de\/wp-json\/wp\/v2\/pages\/713\/revisions\/12479"}],"wp:attachment":[{"href":"https:\/\/hasici.vmyto.cz\/de\/wp-json\/wp\/v2\/media?parent=713"}],"curies":[{"name":"wp","href":"https:\/\/api.w.org\/{rel}","templated":true}]}}