{"id":6411,"date":"2018-06-25T13:51:22","date_gmt":"2018-06-25T12:51:22","guid":{"rendered":"http:\/\/hasici.vmyto.cz\/?page_id=6411"},"modified":"2018-07-14T20:21:07","modified_gmt":"2018-07-14T19:21:07","slug":"__trashed","status":"publish","type":"page","link":"https:\/\/hasici.vmyto.cz\/de\/__trashed\/","title":{"rendered":"Papiermodell TLF 30\/9000\/540\/S2R &#8211; Tatra 815"},"content":{"rendered":"<p><\/p>\n<p style=\"text-align: justify;\">Wir verkaufen ein Papiermodell des L\u00f6schfahrzeugs Tatra 815 6 x 6 in der SDH Hohe Tatra im Ma\u00dfstab 1: 53.<\/p>\n<p><img loading=\"lazy\" class=\"aligncenter wp-image-6432 size-wcbig\" src=\"http:\/\/hasici.vmyto.cz\/wp-content\/uploads\/2018\/06\/IMG_3486-800x538.jpg\" alt=\"\" width=\"740\" height=\"498\" srcset=\"https:\/\/hasici.vmyto.cz\/wp-content\/uploads\/2018\/06\/IMG_3486-800x538.jpg 800w, https:\/\/hasici.vmyto.cz\/wp-content\/uploads\/2018\/06\/IMG_3486-300x202.jpg 300w, https:\/\/hasici.vmyto.cz\/wp-content\/uploads\/2018\/06\/IMG_3486-768x516.jpg 768w, https:\/\/hasici.vmyto.cz\/wp-content\/uploads\/2018\/06\/IMG_3486.jpg 1024w, https:\/\/hasici.vmyto.cz\/wp-content\/uploads\/2018\/06\/IMG_3486-150x101.jpg 150w, https:\/\/hasici.vmyto.cz\/wp-content\/uploads\/2018\/06\/IMG_3486-250x168.jpg 250w, https:\/\/hasici.vmyto.cz\/wp-content\/uploads\/2018\/06\/IMG_3486-550x370.jpg 550w, https:\/\/hasici.vmyto.cz\/wp-content\/uploads\/2018\/06\/IMG_3486-268x180.jpg 268w, https:\/\/hasici.vmyto.cz\/wp-content\/uploads\/2018\/06\/IMG_3486-447x300.jpg 447w, https:\/\/hasici.vmyto.cz\/wp-content\/uploads\/2018\/06\/IMG_3486-744x500.jpg 744w, https:\/\/hasici.vmyto.cz\/wp-content\/uploads\/2018\/06\/IMG_3486-24x16.jpg 24w, https:\/\/hasici.vmyto.cz\/wp-content\/uploads\/2018\/06\/IMG_3486-36x24.jpg 36w, https:\/\/hasici.vmyto.cz\/wp-content\/uploads\/2018\/06\/IMG_3486-48x32.jpg 48w\" sizes=\"(max-width: 740px) 100vw, 740px\" \/><\/p>\n<p style=\"text-align: justify;\"><strong>Preis: 1,928 EUR (Preis ohne porto und verpackung)<\/strong><\/p>\n<p style=\"text-align: justify;\">Sie k\u00f6nnen es an unserer E-Mail-Adresse bestellen <strong><em>petr.hasici@seznam.cz.<\/em><\/strong><\/p>\n<p><div class=\"wc-gallery\"><div id='gallery-3' data-gutter-width='5' data-columns='5' class='gallery wc-gallery-captions-onhover gallery-link-file gallery-masonry galleryid-6411 gallery-columns-5 gallery-size-thumbnail wc-gallery-bottomspace-default wc-gallery-clear'><div class='gallery-item gallery-item-position-1 gallery-item-attachment-6436'>\n\t\t\t\t<div class='gallery-icon portrait'>\n\t\t\t\t\t<a href='https:\/\/hasici.vmyto.cz\/wp-content\/uploads\/2018\/06\/IMG_3491.jpg' title='IMG_3491' target='_self'><img width=\"150\" height=\"150\" src=\"https:\/\/hasici.vmyto.cz\/wp-content\/uploads\/2018\/06\/IMG_3491-150x150.jpg\" class=\"attachment-thumbnail size-thumbnail\" alt=\"\" loading=\"lazy\" srcset=\"https:\/\/hasici.vmyto.cz\/wp-content\/uploads\/2018\/06\/IMG_3491-150x150.jpg 150w, https:\/\/hasici.vmyto.cz\/wp-content\/uploads\/2018\/06\/IMG_3491-300x300.jpg 300w, https:\/\/hasici.vmyto.cz\/wp-content\/uploads\/2018\/06\/IMG_3491-48x48.jpg 48w, https:\/\/hasici.vmyto.cz\/wp-content\/uploads\/2018\/06\/IMG_3491-250x250.jpg 250w, https:\/\/hasici.vmyto.cz\/wp-content\/uploads\/2018\/06\/IMG_3491-550x551.jpg 550w, https:\/\/hasici.vmyto.cz\/wp-content\/uploads\/2018\/06\/IMG_3491-180x180.jpg 180w, https:\/\/hasici.vmyto.cz\/wp-content\/uploads\/2018\/06\/IMG_3491-499x500.jpg 499w, https:\/\/hasici.vmyto.cz\/wp-content\/uploads\/2018\/06\/IMG_3491-640x640.jpg 640w, https:\/\/hasici.vmyto.cz\/wp-content\/uploads\/2018\/06\/IMG_3491-24x24.jpg 24w, https:\/\/hasici.vmyto.cz\/wp-content\/uploads\/2018\/06\/IMG_3491-36x36.jpg 36w, https:\/\/hasici.vmyto.cz\/wp-content\/uploads\/2018\/06\/IMG_3491.jpg 687w\" sizes=\"(max-width: 150px) 100vw, 150px\" \/><\/a>\n\t\t\t\t<\/div><\/div><div class='gallery-item gallery-item-position-2 gallery-item-attachment-6434'>\n\t\t\t\t<div class='gallery-icon landscape'>\n\t\t\t\t\t<a href='https:\/\/hasici.vmyto.cz\/wp-content\/uploads\/2018\/06\/IMG_3488.jpg' title='IMG_3488' target='_self'><img width=\"150\" height=\"150\" src=\"https:\/\/hasici.vmyto.cz\/wp-content\/uploads\/2018\/06\/IMG_3488-150x150.jpg\" class=\"attachment-thumbnail size-thumbnail\" alt=\"\" loading=\"lazy\" srcset=\"https:\/\/hasici.vmyto.cz\/wp-content\/uploads\/2018\/06\/IMG_3488-150x150.jpg 150w, https:\/\/hasici.vmyto.cz\/wp-content\/uploads\/2018\/06\/IMG_3488-48x48.jpg 48w, https:\/\/hasici.vmyto.cz\/wp-content\/uploads\/2018\/06\/IMG_3488-300x300.jpg 300w, https:\/\/hasici.vmyto.cz\/wp-content\/uploads\/2018\/06\/IMG_3488-640x640.jpg 640w\" sizes=\"(max-width: 150px) 100vw, 150px\" \/><\/a>\n\t\t\t\t<\/div><\/div><div class='gallery-item gallery-item-position-3 gallery-item-attachment-6433'>\n\t\t\t\t<div class='gallery-icon landscape'>\n\t\t\t\t\t<a href='https:\/\/hasici.vmyto.cz\/wp-content\/uploads\/2018\/06\/IMG_3487.jpg' title='IMG_3487' target='_self'><img width=\"150\" height=\"150\" src=\"https:\/\/hasici.vmyto.cz\/wp-content\/uploads\/2018\/06\/IMG_3487-150x150.jpg\" class=\"attachment-thumbnail size-thumbnail\" alt=\"\" loading=\"lazy\" srcset=\"https:\/\/hasici.vmyto.cz\/wp-content\/uploads\/2018\/06\/IMG_3487-150x150.jpg 150w, https:\/\/hasici.vmyto.cz\/wp-content\/uploads\/2018\/06\/IMG_3487-48x48.jpg 48w, https:\/\/hasici.vmyto.cz\/wp-content\/uploads\/2018\/06\/IMG_3487-300x300.jpg 300w, https:\/\/hasici.vmyto.cz\/wp-content\/uploads\/2018\/06\/IMG_3487-640x640.jpg 640w\" sizes=\"(max-width: 150px) 100vw, 150px\" \/><\/a>\n\t\t\t\t<\/div><\/div><div class='gallery-item gallery-item-position-4 gallery-item-attachment-6437'>\n\t\t\t\t<div class='gallery-icon landscape'>\n\t\t\t\t\t<a href='https:\/\/hasici.vmyto.cz\/wp-content\/uploads\/2018\/06\/IMG_3492.jpg' title='IMG_3492' target='_self'><img width=\"150\" height=\"150\" src=\"https:\/\/hasici.vmyto.cz\/wp-content\/uploads\/2018\/06\/IMG_3492-150x150.jpg\" class=\"attachment-thumbnail size-thumbnail\" alt=\"\" loading=\"lazy\" srcset=\"https:\/\/hasici.vmyto.cz\/wp-content\/uploads\/2018\/06\/IMG_3492-150x150.jpg 150w, https:\/\/hasici.vmyto.cz\/wp-content\/uploads\/2018\/06\/IMG_3492-48x48.jpg 48w, https:\/\/hasici.vmyto.cz\/wp-content\/uploads\/2018\/06\/IMG_3492-300x300.jpg 300w, https:\/\/hasici.vmyto.cz\/wp-content\/uploads\/2018\/06\/IMG_3492-640x640.jpg 640w\" sizes=\"(max-width: 150px) 100vw, 150px\" \/><\/a>\n\t\t\t\t<\/div><\/div><div class='gallery-item gallery-item-position-5 gallery-item-attachment-6435'>\n\t\t\t\t<div class='gallery-icon landscape'>\n\t\t\t\t\t<a href='https:\/\/hasici.vmyto.cz\/wp-content\/uploads\/2018\/06\/IMG_3490-1024x442.jpg' title='IMG_3490' target='_self'><img width=\"150\" height=\"150\" src=\"https:\/\/hasici.vmyto.cz\/wp-content\/uploads\/2018\/06\/IMG_3490-150x150.jpg\" class=\"attachment-thumbnail size-thumbnail\" alt=\"\" loading=\"lazy\" srcset=\"https:\/\/hasici.vmyto.cz\/wp-content\/uploads\/2018\/06\/IMG_3490-150x150.jpg 150w, https:\/\/hasici.vmyto.cz\/wp-content\/uploads\/2018\/06\/IMG_3490-48x48.jpg 48w, https:\/\/hasici.vmyto.cz\/wp-content\/uploads\/2018\/06\/IMG_3490-300x300.jpg 300w\" sizes=\"(max-width: 150px) 100vw, 150px\" \/><\/a>\n\t\t\t\t<\/div><\/div><\/div>\n<\/div><\/p>","protected":false},"excerpt":{"rendered":"<p>Wir verkaufen ein Papiermodell des L\u00f6schfahrzeugs Tatra 815 6 x 6 in der SDH Hohe Tatra im Ma\u00dfstab 1: 53. Preis: 1,928 EUR (Preis ohne porto und verpackung) Sie k\u00f6nnen&#8230;<\/p>\n","protected":false},"author":1,"featured_media":0,"parent":0,"menu_order":0,"comment_status":"closed","ping_status":"closed","template":"","meta":{"_mi_skip_tracking":false},"_links":{"self":[{"href":"https:\/\/hasici.vmyto.cz\/de\/wp-json\/wp\/v2\/pages\/6411"}],"collection":[{"href":"https:\/\/hasici.vmyto.cz\/de\/wp-json\/wp\/v2\/pages"}],"about":[{"href":"https:\/\/hasici.vmyto.cz\/de\/wp-json\/wp\/v2\/types\/page"}],"author":[{"embeddable":true,"href":"https:\/\/hasici.vmyto.cz\/de\/wp-json\/wp\/v2\/users\/1"}],"replies":[{"embeddable":true,"href":"https:\/\/hasici.vmyto.cz\/de\/wp-json\/wp\/v2\/comments?post=6411"}],"version-history":[{"count":18,"href":"https:\/\/hasici.vmyto.cz\/de\/wp-json\/wp\/v2\/pages\/6411\/revisions"}],"predecessor-version":[{"id":6441,"href":"https:\/\/hasici.vmyto.cz\/de\/wp-json\/wp\/v2\/pages\/6411\/revisions\/6441"}],"wp:attachment":[{"href":"https:\/\/hasici.vmyto.cz\/de\/wp-json\/wp\/v2\/media?parent=6411"}],"curies":[{"name":"wp","href":"https:\/\/api.w.org\/{rel}","templated":true}]}}