{"id":5961,"date":"2018-03-22T18:42:49","date_gmt":"2018-03-22T17:42:49","guid":{"rendered":"http:\/\/hasici.vmyto.cz\/?page_id=5961"},"modified":"2018-03-22T20:28:36","modified_gmt":"2018-03-22T19:28:36","slug":"vyrobky","status":"publish","type":"page","link":"https:\/\/hasici.vmyto.cz\/de\/vyrobky\/","title":{"rendered":"Produkte"},"content":{"rendered":"<p><\/p>\n<ul>\n<li><span style=\"color: #000000;\"><a style=\"color: #000000;\" href=\"http:\/\/hasici.vmyto.cz\/wp-content\/uploads\/2017\/03\/Strat\u00edlek_run\u00ed-stY\u00edkaky.pdf\" target=\"_blank\" rel=\"noopener\">Handfeuerwehrspritze <\/a><\/span><\/li>\n<li><span style=\"color: #000000;\"><a style=\"color: #000000;\" href=\"http:\/\/hasici.vmyto.cz\/wp-content\/uploads\/2017\/03\/Strat\u00edlek_motorov\u00e9-stY\u00edkaky-1.pdf\" target=\"_blank\" rel=\"noopener\">Motorfeuerwehrspritze <\/a><\/span><\/li>\n<li><span style=\"color: #000000;\"><a style=\"color: #000000;\" href=\"http:\/\/hasici.vmyto.cz\/wp-content\/uploads\/2018\/03\/Automobilov\u00e9-stY\u00edkaky-firmy-Strat\u00edlek.pdf\" target=\"_blank\" rel=\"noopener\">Kfz-Spritzen<\/a><\/span><\/li>\n<\/ul>\n<p style=\"text-align: center;\"><a href=\"http:\/\/hasici.vmyto.cz\/v-i-stratilek\/\"><img loading=\"lazy\" src=\"http:\/\/hasici.vmyto.cz\/wp-content\/uploads\/2017\/06\/Strat\u00edlek_logo.jpg\" width=\"350\" height=\"350\" align=\"center\" \/><\/a><\/p>\n<p><\/p>","protected":false},"excerpt":{"rendered":"<p>Handfeuerwehrspritze Motorfeuerwehrspritze Kfz-Spritzen<\/p>\n","protected":false},"author":1,"featured_media":0,"parent":0,"menu_order":0,"comment_status":"closed","ping_status":"closed","template":"","meta":{"_mi_skip_tracking":false},"_links":{"self":[{"href":"https:\/\/hasici.vmyto.cz\/de\/wp-json\/wp\/v2\/pages\/5961"}],"collection":[{"href":"https:\/\/hasici.vmyto.cz\/de\/wp-json\/wp\/v2\/pages"}],"about":[{"href":"https:\/\/hasici.vmyto.cz\/de\/wp-json\/wp\/v2\/types\/page"}],"author":[{"embeddable":true,"href":"https:\/\/hasici.vmyto.cz\/de\/wp-json\/wp\/v2\/users\/1"}],"replies":[{"embeddable":true,"href":"https:\/\/hasici.vmyto.cz\/de\/wp-json\/wp\/v2\/comments?post=5961"}],"version-history":[{"count":5,"href":"https:\/\/hasici.vmyto.cz\/de\/wp-json\/wp\/v2\/pages\/5961\/revisions"}],"predecessor-version":[{"id":5978,"href":"https:\/\/hasici.vmyto.cz\/de\/wp-json\/wp\/v2\/pages\/5961\/revisions\/5978"}],"wp:attachment":[{"href":"https:\/\/hasici.vmyto.cz\/de\/wp-json\/wp\/v2\/media?parent=5961"}],"curies":[{"name":"wp","href":"https:\/\/api.w.org\/{rel}","templated":true}]}}