{"id":5958,"date":"2018-03-22T18:39:46","date_gmt":"2018-03-22T17:39:46","guid":{"rendered":"http:\/\/hasici.vmyto.cz\/?page_id=5958"},"modified":"2018-03-22T20:27:24","modified_gmt":"2018-03-22T19:27:24","slug":"prospekty","status":"publish","type":"page","link":"https:\/\/hasici.vmyto.cz\/de\/prospekty\/","title":{"rendered":"Prospekte"},"content":{"rendered":"<p><\/p>\n<ul>\n<li><span style=\"color: #000000;\"><a style=\"color: #000000;\" href=\"http:\/\/hasici.vmyto.cz\/wp-content\/uploads\/2017\/03\/Strat\u00edlek_Prospekt_Parn\u00ed-a-run\u00ed-stY\u00edkaka-1.pdf\" target=\"_blank\" rel=\"noopener\">Prospekt Dampf &#8211; und Handfeuerwehrspritze<\/a><\/span><\/li>\n<li><span style=\"color: #000000;\"><a style=\"color: #000000;\" href=\"http:\/\/hasici.vmyto.cz\/wp-content\/uploads\/2017\/03\/Strat\u00edlek_Prospekt_parn\u00ed-a-motorov\u00e1-stY\u00edkaka.pdf\" target=\"_blank\" rel=\"noopener\">Prospekt Dampf &#8211; und Motorfeuerwehrspritze <\/a><\/span><\/li>\n<li><span style=\"color: #000000;\"><a style=\"color: #000000;\" href=\"http:\/\/hasici.vmyto.cz\/wp-content\/uploads\/2017\/03\/Strat\u00edlek_prospekty.pdf\" target=\"_blank\" rel=\"noopener\">Prospekte <\/a><\/span><\/li>\n<li><span style=\"color: #000000;\"><a style=\"color: #000000;\" href=\"http:\/\/hasici.vmyto.cz\/wp-content\/uploads\/2017\/03\/Strat\u00edlek_Prospekt_01.pdf\" target=\"_blank\" rel=\"noopener\">Prospekt<\/a><\/span><\/li>\n<\/ul>\n<p style=\"text-align: center;\"><a href=\"http:\/\/hasici.vmyto.cz\/v-i-stratilek\/\"><img loading=\"lazy\" src=\"http:\/\/hasici.vmyto.cz\/wp-content\/uploads\/2017\/06\/Strat\u00edlek_logo.jpg\" width=\"350\" height=\"350\" align=\"center\" \/><\/a><\/p>\n<p><\/p>","protected":false},"excerpt":{"rendered":"<p>Prospekt Dampf &#8211; und Handfeuerwehrspritze Prospekt Dampf &#8211; und Motorfeuerwehrspritze Prospekte Prospekt<\/p>\n","protected":false},"author":1,"featured_media":0,"parent":0,"menu_order":0,"comment_status":"closed","ping_status":"closed","template":"","meta":{"_mi_skip_tracking":false},"_links":{"self":[{"href":"https:\/\/hasici.vmyto.cz\/de\/wp-json\/wp\/v2\/pages\/5958"}],"collection":[{"href":"https:\/\/hasici.vmyto.cz\/de\/wp-json\/wp\/v2\/pages"}],"about":[{"href":"https:\/\/hasici.vmyto.cz\/de\/wp-json\/wp\/v2\/types\/page"}],"author":[{"embeddable":true,"href":"https:\/\/hasici.vmyto.cz\/de\/wp-json\/wp\/v2\/users\/1"}],"replies":[{"embeddable":true,"href":"https:\/\/hasici.vmyto.cz\/de\/wp-json\/wp\/v2\/comments?post=5958"}],"version-history":[{"count":6,"href":"https:\/\/hasici.vmyto.cz\/de\/wp-json\/wp\/v2\/pages\/5958\/revisions"}],"predecessor-version":[{"id":5977,"href":"https:\/\/hasici.vmyto.cz\/de\/wp-json\/wp\/v2\/pages\/5958\/revisions\/5977"}],"wp:attachment":[{"href":"https:\/\/hasici.vmyto.cz\/de\/wp-json\/wp\/v2\/media?parent=5958"}],"curies":[{"name":"wp","href":"https:\/\/api.w.org\/{rel}","templated":true}]}}