{"id":454,"date":"2017-01-12T13:36:06","date_gmt":"2017-01-12T12:36:06","guid":{"rendered":"http:\/\/hasici.vmyto.cz\/?page_id=454"},"modified":"2022-04-12T12:58:56","modified_gmt":"2022-04-12T11:58:56","slug":"historie-jsdho","status":"publish","type":"page","link":"https:\/\/hasici.vmyto.cz\/de\/historie-jsdho\/","title":{"rendered":"Einsatztruppe Geschichte"},"content":{"rendered":"<p><\/p>\n<p style=\"text-align: justify;\">H\u00e4ufige und gro\u00dfe Br\u00e4nde, das war eine Gei\u00dfel unserer St\u00e4dte in vergangenen Jahrhunderten. Ursachen der Feuer waren verschieden, bei uns vor allem die Unvorsichtigkeit. Der gro\u00dfe Brandumfang wurde dadurch verursacht, dass die H\u00e4user meistens aus Holz waren. Obwohl Vysok\u00e9 M\u00fdto nicht von gro\u00dfen Qualen, die die Br\u00e4nde mitbrachten, verschont war, war die Stadt \u00a0doch nicht so schwer betroffen als die anderen St\u00e4dte. Zikmund Winter gibt in seinem Werk \u201eKulturn\u00ed obraz \u010desk\u00fdch m\u011bst\u201c (Kulturelles Bild tschechischer St\u00e4dte) an, dass Hradec Kr\u00e1lov\u00e9 in kurz \u00fcber 100 Jahren sechsmal zu Staub und Asche wurde, die Stadt Klatovy brannte w\u00e4hrend 66 Jahren neunmal nieder und in Jihlava brannte es in 38 Jahren in XVI. Jahrhundert siebenmal.<\/p>\n<p style=\"text-align: justify;\">Andere Ursache der gro\u00dfen Br\u00e4nde war das mangelhafte L\u00f6schen des Feuers. Bis zum XVI. Jahrhundert benutzte man haupts\u00e4chlich Abrei\u00dfhaken, Schl\u00e4gel zum Dachabschlagen, Leiter, \u00c4xte und Gie\u00dfbeh\u00e4lter. In XVI. Jh. kamen zu diesen Hilfsmitteln die Wagenspritze und sp\u00e4ter noch die Stroh- oder Garnk\u00f6rbe, Schl\u00e4uche, Eimerspritzen hinzu.\u00a0 Damals k\u00e4mpften die Bewohner gegen das Element so, dass sie das Dach eines Hauses in Richtung der Feuerumsichgreifen abrissen und damit das Feuer stoppten.<\/p>\n<p><img loading=\"lazy\" class=\"aligncenter wp-image-5690 size-large\" src=\"http:\/\/hasici.vmyto.cz\/wp-content\/uploads\/2018\/02\/1978_01_03_22D-02981-1024x685.jpg\" alt=\"\" width=\"740\" height=\"495\" srcset=\"https:\/\/hasici.vmyto.cz\/wp-content\/uploads\/2018\/02\/1978_01_03_22D-02981.jpg 1024w, https:\/\/hasici.vmyto.cz\/wp-content\/uploads\/2018\/02\/1978_01_03_22D-02981-300x201.jpg 300w, https:\/\/hasici.vmyto.cz\/wp-content\/uploads\/2018\/02\/1978_01_03_22D-02981-768x514.jpg 768w, https:\/\/hasici.vmyto.cz\/wp-content\/uploads\/2018\/02\/1978_01_03_22D-02981-150x100.jpg 150w, https:\/\/hasici.vmyto.cz\/wp-content\/uploads\/2018\/02\/1978_01_03_22D-02981-250x167.jpg 250w, https:\/\/hasici.vmyto.cz\/wp-content\/uploads\/2018\/02\/1978_01_03_22D-02981-550x368.jpg 550w, https:\/\/hasici.vmyto.cz\/wp-content\/uploads\/2018\/02\/1978_01_03_22D-02981-800x535.jpg 800w, https:\/\/hasici.vmyto.cz\/wp-content\/uploads\/2018\/02\/1978_01_03_22D-02981-269x180.jpg 269w, https:\/\/hasici.vmyto.cz\/wp-content\/uploads\/2018\/02\/1978_01_03_22D-02981-448x300.jpg 448w, https:\/\/hasici.vmyto.cz\/wp-content\/uploads\/2018\/02\/1978_01_03_22D-02981-747x500.jpg 747w, https:\/\/hasici.vmyto.cz\/wp-content\/uploads\/2018\/02\/1978_01_03_22D-02981-24x16.jpg 24w, https:\/\/hasici.vmyto.cz\/wp-content\/uploads\/2018\/02\/1978_01_03_22D-02981-36x24.jpg 36w, https:\/\/hasici.vmyto.cz\/wp-content\/uploads\/2018\/02\/1978_01_03_22D-02981-48x32.jpg 48w\" sizes=\"(max-width: 740px) 100vw, 740px\" \/><\/p>","protected":false},"excerpt":{"rendered":"<p>H\u00e4ufige und gro\u00dfe Br\u00e4nde, das war eine Gei\u00dfel unserer St\u00e4dte in vergangenen Jahrhunderten. Ursachen der Feuer waren verschieden, bei uns vor allem die Unvorsichtigkeit. Der gro\u00dfe Brandumfang wurde dadurch verursacht,&#8230;<\/p>\n","protected":false},"author":1,"featured_media":0,"parent":0,"menu_order":0,"comment_status":"closed","ping_status":"closed","template":"","meta":{"_mi_skip_tracking":false},"_links":{"self":[{"href":"https:\/\/hasici.vmyto.cz\/de\/wp-json\/wp\/v2\/pages\/454"}],"collection":[{"href":"https:\/\/hasici.vmyto.cz\/de\/wp-json\/wp\/v2\/pages"}],"about":[{"href":"https:\/\/hasici.vmyto.cz\/de\/wp-json\/wp\/v2\/types\/page"}],"author":[{"embeddable":true,"href":"https:\/\/hasici.vmyto.cz\/de\/wp-json\/wp\/v2\/users\/1"}],"replies":[{"embeddable":true,"href":"https:\/\/hasici.vmyto.cz\/de\/wp-json\/wp\/v2\/comments?post=454"}],"version-history":[{"count":27,"href":"https:\/\/hasici.vmyto.cz\/de\/wp-json\/wp\/v2\/pages\/454\/revisions"}],"predecessor-version":[{"id":10808,"href":"https:\/\/hasici.vmyto.cz\/de\/wp-json\/wp\/v2\/pages\/454\/revisions\/10808"}],"wp:attachment":[{"href":"https:\/\/hasici.vmyto.cz\/de\/wp-json\/wp\/v2\/media?parent=454"}],"curies":[{"name":"wp","href":"https:\/\/api.w.org\/{rel}","templated":true}]}}