{"id":3912,"date":"2017-06-05T16:39:16","date_gmt":"2017-06-05T15:39:16","guid":{"rendered":"http:\/\/hasici.vmyto.cz\/?page_id=3912"},"modified":"2020-04-19T15:45:40","modified_gmt":"2020-04-19T14:45:40","slug":"partnerska-mesta","status":"publish","type":"page","link":"https:\/\/hasici.vmyto.cz\/de\/partnerska-mesta\/","title":{"rendered":"Partnerst\u00e4dte"},"content":{"rendered":"<p><\/p>\n<h2 style=\"text-align: center;\"><strong><span style=\"color: #0000ff;\"><a style=\"color: #0000ff;\" href=\"http:\/\/hasici.vmyto.cz\/category\/partnerske-mesto-dhz-spisska-bela\/\">Partnerst\u00e4dte<\/a><\/span> <span style=\"color: #000000;\">Spi\u0161sk\u00e1 Bel\u00e1<\/span><\/strong><\/h2>\n<p><a href=\"http:\/\/www.dhz.spisskabela.sk\/news.php\"><br \/>\n<\/a><a href=\"https:\/\/spisskabela.sk\/mesto\/spolky-a-spolocenske-organizacie\/dobrovolny-hasicsky-zbor-2\/\" target=\"_blank\" rel=\"noopener\"><img loading=\"lazy\" class=\"alignnone\" src=\"http:\/\/hasici.vmyto.cz\/wp-content\/uploads\/2017\/06\/2017_06_03-04_Spiask%C3%A1-Bel%C3%A1_071-1.jpg\" alt=\"Jak ps\u00e1t web\" width=\"1022\" height=\"243\" border=\"0\" \/><\/a><\/p>\n<h2 style=\"text-align: center;\"><span style=\"color: #000000;\"><strong><span style=\"color: #0000ff;\"><a style=\"color: #0000ff;\" href=\"http:\/\/hasici.vmyto.cz\/en\/category\/partnerske-mesto-dhz-spisska-bela\/\">Partnerst\u00e4dte<\/a><\/span> Korbach<\/strong><\/span><\/h2>\n<p><a href=\"http:\/\/www.feuerwehr-korbach.de\/\"><br \/>\n<\/a><a href=\"http:\/\/www.feuerwehr-korbach.de\/\" target=\"_blank\" rel=\"noopener\"><img loading=\"lazy\" class=\"alignnone\" src=\"http:\/\/www.feuerwehr-korbach.de\/images\/Feuerwehr_Slide\/Fahrzeuge2016.jpg\" alt=\"Jak ps\u00e1t web\" width=\"1136\" height=\"252\" border=\"0\" \/><\/a><\/p>\n<p>&nbsp;<\/p>","protected":false},"excerpt":{"rendered":"<p>Partnerst\u00e4dte Spi\u0161sk\u00e1 Bel\u00e1 Partnerst\u00e4dte Korbach &nbsp;<\/p>\n","protected":false},"author":1,"featured_media":0,"parent":0,"menu_order":0,"comment_status":"closed","ping_status":"closed","template":"","meta":{"_mi_skip_tracking":false},"_links":{"self":[{"href":"https:\/\/hasici.vmyto.cz\/de\/wp-json\/wp\/v2\/pages\/3912"}],"collection":[{"href":"https:\/\/hasici.vmyto.cz\/de\/wp-json\/wp\/v2\/pages"}],"about":[{"href":"https:\/\/hasici.vmyto.cz\/de\/wp-json\/wp\/v2\/types\/page"}],"author":[{"embeddable":true,"href":"https:\/\/hasici.vmyto.cz\/de\/wp-json\/wp\/v2\/users\/1"}],"replies":[{"embeddable":true,"href":"https:\/\/hasici.vmyto.cz\/de\/wp-json\/wp\/v2\/comments?post=3912"}],"version-history":[{"count":22,"href":"https:\/\/hasici.vmyto.cz\/de\/wp-json\/wp\/v2\/pages\/3912\/revisions"}],"predecessor-version":[{"id":8948,"href":"https:\/\/hasici.vmyto.cz\/de\/wp-json\/wp\/v2\/pages\/3912\/revisions\/8948"}],"wp:attachment":[{"href":"https:\/\/hasici.vmyto.cz\/de\/wp-json\/wp\/v2\/media?parent=3912"}],"curies":[{"name":"wp","href":"https:\/\/api.w.org\/{rel}","templated":true}]}}