{"id":377,"date":"2017-01-11T00:43:44","date_gmt":"2017-01-10T23:43:44","guid":{"rendered":"http:\/\/hasici.vmyto.cz\/?page_id=377"},"modified":"2020-04-19T15:49:04","modified_gmt":"2020-04-19T14:49:04","slug":"zarazeni-jednotky-2","status":"publish","type":"page","link":"https:\/\/hasici.vmyto.cz\/de\/zarazeni-jednotky-2\/","title":{"rendered":"Klassifikationseinheit"},"content":{"rendered":"<p><\/p>\n<h1><b>JPO II<\/b><\/h1>\n<ul>\n<li style=\"text-align: justify;\">Freiwilligenfeuerwehreinheit der Gemeinde mit Gebietzust\u00e4ndigkeit der JPO II Kategorie, die Ausfahrt der kleinere Mannschaft (mit Kleinerem Zahl) besorgt und zumeist in gew\u00e4hlte Gemeinde mit Bewohnerzahl \u00fcber 1000 errichtet ist.<\/li>\n<li style=\"text-align: justify;\">Freiwiligenfeuerwehreinheit der Gemeinde mit Mitgliedern, die das Dienst als Haupt- oder Nebenberuf verrichten, mit Gebietszust\u00e4ndigkeit in der Regel bis 10 Minuten Fahrt von der Dislokationstelle, Ausfahrt der Einheit bis 5 Minuten von der Alarmmeldung<\/li>\n<li>Alarm meldet der Einheit KOPIS Pardubice per SMS und per AMDS-Ruf an H\u00e4ndys.<\/li>\n<\/ul>\n<p><img loading=\"lazy\" class=\"alignright wp-image-5735 size-wcslider\" src=\"http:\/\/hasici.vmyto.cz\/wp-content\/uploads\/2018\/02\/2018_02_17_stanice-HZS-Vysok\u00e9-M\u00fdto_002-1100x500.jpg\" alt=\"\" width=\"740\" height=\"336\" \/><\/p>\n<p>&nbsp;<\/p>","protected":false},"excerpt":{"rendered":"<p>JPO II Freiwilligenfeuerwehreinheit der Gemeinde mit Gebietzust\u00e4ndigkeit der JPO II Kategorie, die Ausfahrt der kleinere Mannschaft (mit Kleinerem Zahl) besorgt und zumeist in gew\u00e4hlte Gemeinde mit Bewohnerzahl \u00fcber 1000 errichtet&#8230;<\/p>\n","protected":false},"author":1,"featured_media":0,"parent":0,"menu_order":0,"comment_status":"closed","ping_status":"closed","template":"","meta":{"_mi_skip_tracking":false},"_links":{"self":[{"href":"https:\/\/hasici.vmyto.cz\/de\/wp-json\/wp\/v2\/pages\/377"}],"collection":[{"href":"https:\/\/hasici.vmyto.cz\/de\/wp-json\/wp\/v2\/pages"}],"about":[{"href":"https:\/\/hasici.vmyto.cz\/de\/wp-json\/wp\/v2\/types\/page"}],"author":[{"embeddable":true,"href":"https:\/\/hasici.vmyto.cz\/de\/wp-json\/wp\/v2\/users\/1"}],"replies":[{"embeddable":true,"href":"https:\/\/hasici.vmyto.cz\/de\/wp-json\/wp\/v2\/comments?post=377"}],"version-history":[{"count":19,"href":"https:\/\/hasici.vmyto.cz\/de\/wp-json\/wp\/v2\/pages\/377\/revisions"}],"predecessor-version":[{"id":8949,"href":"https:\/\/hasici.vmyto.cz\/de\/wp-json\/wp\/v2\/pages\/377\/revisions\/8949"}],"wp:attachment":[{"href":"https:\/\/hasici.vmyto.cz\/de\/wp-json\/wp\/v2\/media?parent=377"}],"curies":[{"name":"wp","href":"https:\/\/api.w.org\/{rel}","templated":true}]}}