{"id":3291,"date":"2017-03-10T15:27:42","date_gmt":"2017-03-10T14:27:42","guid":{"rendered":"http:\/\/hasici.vmyto.cz\/?page_id=3291"},"modified":"2017-03-10T16:18:19","modified_gmt":"2017-03-10T15:18:19","slug":"druhy-mimoradnych-udalosti","status":"publish","type":"page","link":"https:\/\/hasici.vmyto.cz\/de\/druhy-mimoradnych-udalosti\/","title":{"rendered":"(\u010cesky) Druhy mimo\u0159\u00e1dn\u00fdch ud\u00e1lost\u00ed"},"content":{"rendered":"<p class=\"qtranxs-available-languages-message qtranxs-available-languages-message-de\">Leider ist der Eintrag nur auf <a href=\"https:\/\/hasici.vmyto.cz\/cs\/wp-json\/wp\/v2\/pages\/3291\" class=\"qtranxs-available-language-link qtranxs-available-language-link-cs\" title=\"\u010cesky\">Tschechisch<\/a> und <a href=\"https:\/\/hasici.vmyto.cz\/en\/wp-json\/wp\/v2\/pages\/3291\" class=\"qtranxs-available-language-link qtranxs-available-language-link-en\" title=\"English\">Amerikanisches Englisch<\/a> verf\u00fcgbar.<\/p>","protected":false},"excerpt":{"rendered":"<p>Leider ist der Eintrag nur auf Tschechisch verf\u00fcgbar.<\/p>\n","protected":false},"author":1,"featured_media":0,"parent":0,"menu_order":0,"comment_status":"closed","ping_status":"closed","template":"","meta":{"_mi_skip_tracking":false},"_links":{"self":[{"href":"https:\/\/hasici.vmyto.cz\/de\/wp-json\/wp\/v2\/pages\/3291"}],"collection":[{"href":"https:\/\/hasici.vmyto.cz\/de\/wp-json\/wp\/v2\/pages"}],"about":[{"href":"https:\/\/hasici.vmyto.cz\/de\/wp-json\/wp\/v2\/types\/page"}],"author":[{"embeddable":true,"href":"https:\/\/hasici.vmyto.cz\/de\/wp-json\/wp\/v2\/users\/1"}],"replies":[{"embeddable":true,"href":"https:\/\/hasici.vmyto.cz\/de\/wp-json\/wp\/v2\/comments?post=3291"}],"version-history":[{"count":8,"href":"https:\/\/hasici.vmyto.cz\/de\/wp-json\/wp\/v2\/pages\/3291\/revisions"}],"predecessor-version":[{"id":3315,"href":"https:\/\/hasici.vmyto.cz\/de\/wp-json\/wp\/v2\/pages\/3291\/revisions\/3315"}],"wp:attachment":[{"href":"https:\/\/hasici.vmyto.cz\/de\/wp-json\/wp\/v2\/media?parent=3291"}],"curies":[{"name":"wp","href":"https:\/\/api.w.org\/{rel}","templated":true}]}}