{"id":3253,"date":"2017-03-07T22:11:11","date_gmt":"2017-03-07T21:11:11","guid":{"rendered":"http:\/\/hasici.vmyto.cz\/?page_id=3253"},"modified":"2022-04-12T12:01:13","modified_gmt":"2022-04-12T11:01:13","slug":"hasicsky-zachranny-sbor-cr","status":"publish","type":"page","link":"https:\/\/hasici.vmyto.cz\/de\/hasicsky-zachranny-sbor-cr\/","title":{"rendered":"(\u010cesky) Hasi\u010dsk\u00fd z\u00e1chrann\u00fd sbor  \u010cR"},"content":{"rendered":"<p class=\"qtranxs-available-languages-message qtranxs-available-languages-message-de\">Leider ist der Eintrag nur auf <a href=\"https:\/\/hasici.vmyto.cz\/cs\/wp-json\/wp\/v2\/pages\/3253\" class=\"qtranxs-available-language-link qtranxs-available-language-link-cs\" title=\"\u010cesky\">Tschechisch<\/a> verf\u00fcgbar.<\/p>","protected":false},"excerpt":{"rendered":"","protected":false},"author":1,"featured_media":0,"parent":0,"menu_order":0,"comment_status":"closed","ping_status":"closed","template":"","meta":{"_mi_skip_tracking":false},"_links":{"self":[{"href":"https:\/\/hasici.vmyto.cz\/de\/wp-json\/wp\/v2\/pages\/3253"}],"collection":[{"href":"https:\/\/hasici.vmyto.cz\/de\/wp-json\/wp\/v2\/pages"}],"about":[{"href":"https:\/\/hasici.vmyto.cz\/de\/wp-json\/wp\/v2\/types\/page"}],"author":[{"embeddable":true,"href":"https:\/\/hasici.vmyto.cz\/de\/wp-json\/wp\/v2\/users\/1"}],"replies":[{"embeddable":true,"href":"https:\/\/hasici.vmyto.cz\/de\/wp-json\/wp\/v2\/comments?post=3253"}],"version-history":[{"count":5,"href":"https:\/\/hasici.vmyto.cz\/de\/wp-json\/wp\/v2\/pages\/3253\/revisions"}],"predecessor-version":[{"id":10792,"href":"https:\/\/hasici.vmyto.cz\/de\/wp-json\/wp\/v2\/pages\/3253\/revisions\/10792"}],"wp:attachment":[{"href":"https:\/\/hasici.vmyto.cz\/de\/wp-json\/wp\/v2\/media?parent=3253"}],"curies":[{"name":"wp","href":"https:\/\/api.w.org\/{rel}","templated":true}]}}