{"id":2944,"date":"2017-03-03T14:58:50","date_gmt":"2017-03-03T13:58:50","guid":{"rendered":"http:\/\/hasici.vmyto.cz\/?page_id=2944"},"modified":"2019-06-11T11:30:21","modified_gmt":"2019-06-11T10:30:21","slug":"v-i-stratilek","status":"publish","type":"page","link":"https:\/\/hasici.vmyto.cz\/de\/v-i-stratilek\/","title":{"rendered":"V. Ig. Strat\u00edlek &#8211; Feuerwehrherstellung"},"content":{"rendered":"<p><img loading=\"lazy\" class=\"wp-image-4000 aligncenter\" src=\"http:\/\/hasici.vmyto.cz\/wp-content\/uploads\/2017\/03\/Bez-n\u00e1zvu-2.png\" alt=\"Bez n\u00e1zvu\" width=\"542\" height=\"211\" srcset=\"https:\/\/hasici.vmyto.cz\/wp-content\/uploads\/2017\/03\/Bez-n\u00e1zvu-2.png 759w, https:\/\/hasici.vmyto.cz\/wp-content\/uploads\/2017\/03\/Bez-n\u00e1zvu-2-300x117.png 300w, https:\/\/hasici.vmyto.cz\/wp-content\/uploads\/2017\/03\/Bez-n\u00e1zvu-2-150x58.png 150w, https:\/\/hasici.vmyto.cz\/wp-content\/uploads\/2017\/03\/Bez-n\u00e1zvu-2-250x97.png 250w, https:\/\/hasici.vmyto.cz\/wp-content\/uploads\/2017\/03\/Bez-n\u00e1zvu-2-550x214.png 550w, https:\/\/hasici.vmyto.cz\/wp-content\/uploads\/2017\/03\/Bez-n\u00e1zvu-2-463x180.png 463w, https:\/\/hasici.vmyto.cz\/wp-content\/uploads\/2017\/03\/Bez-n\u00e1zvu-2-24x9.png 24w, https:\/\/hasici.vmyto.cz\/wp-content\/uploads\/2017\/03\/Bez-n\u00e1zvu-2-36x14.png 36w, https:\/\/hasici.vmyto.cz\/wp-content\/uploads\/2017\/03\/Bez-n\u00e1zvu-2-48x19.png 48w\" sizes=\"(max-width: 542px) 100vw, 542px\" \/><\/p>\n<ul>\n<li><strong><a style=\"color: #000000;\" href=\"http:\/\/hasici.vmyto.cz\/wp-content\/uploads\/2017\/03\/Strat\u00edlek-V\u00e1clav-Ign\u00e1c.pdf\" target=\"_blank\" rel=\"noopener\">V\u00e1clav Ign\u00e1c Strat\u00edlek<\/a><\/strong><\/li>\n<li><span style=\"color: #000000;\"><a style=\"color: #000000;\" href=\"http:\/\/hasici.vmyto.cz\/de\/vyrobky\/\">Produkte<\/a><\/span><\/li>\n<li><span style=\"color: #000000;\"><a style=\"color: #000000;\" href=\"http:\/\/hasici.vmyto.cz\/de\/prospekty\/\">Prospekte<\/a><\/span><\/li>\n<li><span style=\"color: #000000;\"><a style=\"color: #000000;\" href=\"http:\/\/hasici.vmyto.cz\/wp-content\/uploads\/2017\/03\/Strat\u00edlek_Plak\u00e1ty_01.pdf\" target=\"_blank\" rel=\"noopener\">Plakate<\/a><\/span><\/li>\n<\/ul>\n<hr \/>\n<h3 style=\"text-align: center;\">Fotogalerie vom Treffen der Strat\u00edlek &#8211; Feuerl\u00f6schspritze in Vysok\u00e9 M\u00fdto<\/h3>\n<ul>\n<li><span style=\"color: #000000;\"><a style=\"color: #000000;\" href=\"http:\/\/hasici.vmyto.cz\/de\/setkani-stratilkovych-strikacek-ve-vysokem-myte-rok-2019\/\">Treffen der Strat\u00edlek \u2013 Feuerl\u00f6schspritze in Vysok\u00e9 M\u00fdto \u2013 Jahr 2019<\/a><\/span><\/li>\n<li><span style=\"color: #000000;\"><a style=\"color: #000000;\" href=\"http:\/\/hasici.vmyto.cz\/stratilek\/\">Treffen der Strat\u00edlek &#8211; Feuerl\u00f6schspritze in Vysok\u00e9 M\u00fdto &#8211; Jahr 2016 <\/a><\/span><\/li>\n<li><span style=\"color: #000000;\"><a style=\"color: #000000;\" href=\"http:\/\/hasici.vmyto.cz\/?page_id=2974&amp;preview=true\">Treffen der Strat\u00edlek &#8211; Feuerl\u00f6schspritze in Vysok\u00e9 M\u00fdto &#8211; Jahr 2011 <\/a><\/span><\/li>\n<li><span style=\"color: #000000;\"><a style=\"color: #000000;\" href=\"http:\/\/hasici.vmyto.cz\/setkani-stratilkovych-strikacek-2009\/\">Treffen der Strat\u00edlek &#8211; Feuerl\u00f6schspritze in Vysok\u00e9 M\u00fdto &#8211; Jahr 2009 <\/a><\/span><\/li>\n<li><span style=\"color: #000000;\"><a style=\"color: #000000;\" href=\"http:\/\/hasici.vmyto.cz\/setkani-stratilkovych-strikacek-1999-2\/\">Treffen der Strat\u00edlek &#8211; Feuerl\u00f6schspritze in Vysok\u00e9 M\u00fdto &#8211; Jahr 1999 <\/a><\/span><\/li>\n<li><span style=\"color: #000000;\"><a style=\"color: #000000;\" href=\"http:\/\/hasici.vmyto.cz\/rekonstrukce-vysokomytske-strikacky-stratilek\/\">Rekonstruktion des Strat\u00edlek &#8211; Feuerl\u00f6schspritze<\/a><\/span><\/li>\n<\/ul>\n<p><iframe loading=\"lazy\" width=\"740\" height=\"416\" src=\"https:\/\/www.youtube.com\/embed\/-t7D6P8_QDQ?feature=oembed\" frameborder=\"0\" allow=\"accelerometer; autoplay; encrypted-media; gyroscope; picture-in-picture\" allowfullscreen><\/iframe><\/p>\n<p style=\"text-align: center;\"><a href=\"http:\/\/hasici.vmyto.cz\/technicke-hasici-zarizeni\/\"><img loading=\"lazy\" src=\"http:\/\/hasici.vmyto.cz\/wp-content\/uploads\/2017\/06\/znak-THZ.jpg\" width=\"150\" height=\"150\" align=\"right\" \/><\/a><\/p>\n<p style=\"text-align: center;\"><a href=\"http:\/\/hasici.vmyto.cz\/?page_id=3997&amp;preview=true\"><img loading=\"lazy\" src=\"http:\/\/hasici.vmyto.cz\/wp-content\/uploads\/2017\/06\/Karosa.jpg\" width=\"250\" height=\"250\" align=\"left\" \/><\/a><\/p>\n<p style=\"text-align: center;\"><a href=\"http:\/\/hasici.vmyto.cz\/tovarna-hasici-techniky\/\"><img loading=\"lazy\" src=\"http:\/\/hasici.vmyto.cz\/wp-content\/uploads\/2017\/06\/logo_tht_800x557.jpg\" width=\"100\" height=\"100\" align=\"center\" \/><\/a><\/p>\n<p><\/p>","protected":false},"excerpt":{"rendered":"<p>V\u00e1clav Ign\u00e1c Strat\u00edlek Produkte Prospekte Plakate Fotogalerie vom Treffen der Strat\u00edlek &#8211; Feuerl\u00f6schspritze in Vysok\u00e9 M\u00fdto Treffen der Strat\u00edlek \u2013 Feuerl\u00f6schspritze in Vysok\u00e9 M\u00fdto \u2013 Jahr 2019 Treffen der Strat\u00edlek&#8230;<\/p>\n","protected":false},"author":1,"featured_media":0,"parent":0,"menu_order":0,"comment_status":"closed","ping_status":"closed","template":"","meta":{"_mi_skip_tracking":false},"_links":{"self":[{"href":"https:\/\/hasici.vmyto.cz\/de\/wp-json\/wp\/v2\/pages\/2944"}],"collection":[{"href":"https:\/\/hasici.vmyto.cz\/de\/wp-json\/wp\/v2\/pages"}],"about":[{"href":"https:\/\/hasici.vmyto.cz\/de\/wp-json\/wp\/v2\/types\/page"}],"author":[{"embeddable":true,"href":"https:\/\/hasici.vmyto.cz\/de\/wp-json\/wp\/v2\/users\/1"}],"replies":[{"embeddable":true,"href":"https:\/\/hasici.vmyto.cz\/de\/wp-json\/wp\/v2\/comments?post=2944"}],"version-history":[{"count":74,"href":"https:\/\/hasici.vmyto.cz\/de\/wp-json\/wp\/v2\/pages\/2944\/revisions"}],"predecessor-version":[{"id":7912,"href":"https:\/\/hasici.vmyto.cz\/de\/wp-json\/wp\/v2\/pages\/2944\/revisions\/7912"}],"wp:attachment":[{"href":"https:\/\/hasici.vmyto.cz\/de\/wp-json\/wp\/v2\/media?parent=2944"}],"curies":[{"name":"wp","href":"https:\/\/api.w.org\/{rel}","templated":true}]}}