{"id":2754,"date":"2017-02-08T14:23:30","date_gmt":"2017-02-08T13:23:30","guid":{"rendered":"http:\/\/hasici.vmyto.cz\/?page_id=2754"},"modified":"2021-11-08T21:15:01","modified_gmt":"2021-11-08T20:15:01","slug":"kontakty","status":"publish","type":"page","link":"https:\/\/hasici.vmyto.cz\/de\/kontakty\/","title":{"rendered":"Kontakt"},"content":{"rendered":"<p><\/p>\n<p style=\"text-align: center;\"><strong>Petr Hynek &#8211;\u00a0\u00a0Feuerwehrkommandant<\/strong><\/p>\n<p style=\"text-align: center;\">telefon: <span class=\"baec5a81-e4d6-4674-97f3-e9220f0136c1\" style=\"white-space: nowrap;\">+420 724 064 977<a style=\"margin: 0px; border: currentColor; left: 0px; top: 0px; width: 16px; height: 16px; right: 0px; bottom: 0px; overflow: hidden; vertical-align: middle; float: none; display: inline; white-space: nowrap; position: static !important;\" title=\"Zavolat: +420 724 064 977\" href=\"#\"><img style=\"margin: 0px; border: currentColor; left: 0px; top: 0px; width: 16px; height: 16px; right: 0px; bottom: 0px; overflow: hidden; vertical-align: middle; float: none; display: inline; white-space: nowrap; position: static !important;\" title=\"Zavolat: +420 724 064 977\" src=\"data:image\/png;base64,iVBORw0KGgoAAAANSUhEUgAAABAAAAAQCAYAAAAf8\/9hAAABcklEQVR4XpXTPUvDUBTH4aR2c2hBQXGpTiIORhBcBOvgYKf0Awi+4Ggr1MVPIIrYdnEpShddHIyLi6AVXVxsRRDRwbi4KNgu4lCIv8i\/i6QRDzycy+09555LqOl5nhEUptPoJe1iDHU8oYlrlDw79m4QEbSLPexzsIc8hDRm8YBjLpj4q8EgxQdab+MNd4ghhQ2adIc1+ORAFEnWWfTDRp7GDfImlsIavKALLuqoqMGUCs4wHtagiQ5uc8kDyCOBKlP1k78QNTOZnMXCQRxWsbjl6iuskV41SQG2Gj9rikvcR1WcgKFDBa1LOEUK56hqv8BUFV3SGWkVS9JQ6Dsv4wQ1DKMPORUvkm78BhdQMI1CTa5I0yrcwSFqFD+SZ7DQesIkCG5S\/JpkHYERQRmuNsrZ7Grc+Ef8\/Bcoslkfae8Wc7CUHZ++TuAEBj86pHntjaDKXllPy6PW\/gkKFaThwp\/K87N8hDcQTTKKFTioSxqB8Q2BNX5JtAljwgAAAABJRU5ErkJggg==\" \/><\/a><\/span><br \/>\ne-mail: petr.hynek@centrum.cz<\/p>\n<hr \/>\n<p style=\"text-align: center;\"><b>Ing. Patrik Chadima &#8211;\u00a0\u00a0<\/b><strong>Feuerwehr Obmann<\/strong><\/p>\n<p style=\"text-align: center;\"><b><\/b>telefon: <span class=\"baec5a81-e4d6-4674-97f3-e9220f0136c1\" style=\"white-space: nowrap;\">+420 720 335 399<a style=\"margin: 0px; border: currentColor; left: 0px; top: 0px; width: 16px; height: 16px; right: 0px; bottom: 0px; overflow: hidden; vertical-align: middle; float: none; display: inline; white-space: nowrap; position: static !important;\" title=\"Zavolat: +420 720 335 399\" href=\"#\"><img style=\"margin: 0px; border: currentColor; left: 0px; top: 0px; width: 16px; height: 16px; right: 0px; bottom: 0px; overflow: hidden; vertical-align: middle; float: none; display: inline; white-space: nowrap; position: static !important;\" title=\"Zavolat: +420 720 335 399\" src=\"data:image\/png;base64,iVBORw0KGgoAAAANSUhEUgAAABAAAAAQCAYAAAAf8\/9hAAABcklEQVR4XpXTPUvDUBTH4aR2c2hBQXGpTiIORhBcBOvgYKf0Awi+4Ggr1MVPIIrYdnEpShddHIyLi6AVXVxsRRDRwbi4KNgu4lCIv8i\/i6QRDzycy+09555LqOl5nhEUptPoJe1iDHU8oYlrlDw79m4QEbSLPexzsIc8hDRm8YBjLpj4q8EgxQdab+MNd4ghhQ2adIc1+ORAFEnWWfTDRp7GDfImlsIavKALLuqoqMGUCs4wHtagiQ5uc8kDyCOBKlP1k78QNTOZnMXCQRxWsbjl6iuskV41SQG2Gj9rikvcR1WcgKFDBa1LOEUK56hqv8BUFV3SGWkVS9JQ6Dsv4wQ1DKMPORUvkm78BhdQMI1CTa5I0yrcwSFqFD+SZ7DQesIkCG5S\/JpkHYERQRmuNsrZ7Grc+Ef8\/Bcoslkfae8Wc7CUHZ++TuAEBj86pHntjaDKXllPy6PW\/gkKFaThwp\/K87N8hDcQTTKKFTioSxqB8Q2BNX5JtAljwgAAAABJRU5ErkJggg==\" \/><\/a><\/span><br \/>\ne-mail: patrik9399@seznam.cz<br \/>\n<b><\/b><\/p>\n<p style=\"text-align: center;\">\n<hr \/>\n<p style=\"text-align: center;\" data-dot=\"premise\/title\"><b>Adresse<\/b><\/p>\n<p style=\"text-align: center;\" data-dot=\"premise\/title\">Gener\u00e1la Svaton\u011b 207<br \/>\nVysok\u00e9 M\u00fdto<br \/>\n566 01<\/p>\n<hr \/>\n<p><a href=\"https:\/\/www.firmy.cz\/detail\/1171620-hasicsky-zachranny-sbor-pardubickeho-kraje-vysoke-myto-litomyslske-predmesti.html\" target=\"_blank\" rel=\"noopener\"><img loading=\"lazy\" class=\"alignnone wp-image-5240 size-full\" src=\"http:\/\/hasici.vmyto.cz\/wp-content\/uploads\/2017\/11\/stanive.jpg\" alt=\"zima ve Vysok\u0102\u00a9m M\u0102\u02ddt\u00c4\u203a\" width=\"5472\" height=\"3000\" srcset=\"https:\/\/hasici.vmyto.cz\/wp-content\/uploads\/2017\/11\/stanive.jpg 5472w, https:\/\/hasici.vmyto.cz\/wp-content\/uploads\/2017\/11\/stanive-300x164.jpg 300w, https:\/\/hasici.vmyto.cz\/wp-content\/uploads\/2017\/11\/stanive-768x421.jpg 768w, https:\/\/hasici.vmyto.cz\/wp-content\/uploads\/2017\/11\/stanive-1024x561.jpg 1024w, https:\/\/hasici.vmyto.cz\/wp-content\/uploads\/2017\/11\/stanive-150x82.jpg 150w, https:\/\/hasici.vmyto.cz\/wp-content\/uploads\/2017\/11\/stanive-250x137.jpg 250w, https:\/\/hasici.vmyto.cz\/wp-content\/uploads\/2017\/11\/stanive-550x302.jpg 550w, https:\/\/hasici.vmyto.cz\/wp-content\/uploads\/2017\/11\/stanive-800x439.jpg 800w, https:\/\/hasici.vmyto.cz\/wp-content\/uploads\/2017\/11\/stanive-328x180.jpg 328w, https:\/\/hasici.vmyto.cz\/wp-content\/uploads\/2017\/11\/stanive-547x300.jpg 547w, https:\/\/hasici.vmyto.cz\/wp-content\/uploads\/2017\/11\/stanive-912x500.jpg 912w, https:\/\/hasici.vmyto.cz\/wp-content\/uploads\/2017\/11\/stanive-24x13.jpg 24w, https:\/\/hasici.vmyto.cz\/wp-content\/uploads\/2017\/11\/stanive-36x20.jpg 36w, https:\/\/hasici.vmyto.cz\/wp-content\/uploads\/2017\/11\/stanive-48x26.jpg 48w\" sizes=\"(max-width: 5472px) 100vw, 5472px\" \/><\/a><\/p>","protected":false},"excerpt":{"rendered":"<p>Petr Hynek &#8211;\u00a0\u00a0Feuerwehrkommandant telefon: +420 724 064 977 e-mail: petr.hynek@centrum.cz Ing. Patrik Chadima &#8211;\u00a0\u00a0Feuerwehr Obmann telefon: +420 720 335 399 e-mail: patrik9399@seznam.cz Adresse Gener\u00e1la Svaton\u011b 207 Vysok\u00e9 M\u00fdto 566 01<\/p>\n","protected":false},"author":1,"featured_media":0,"parent":0,"menu_order":0,"comment_status":"closed","ping_status":"closed","template":"","meta":{"_mi_skip_tracking":false},"_links":{"self":[{"href":"https:\/\/hasici.vmyto.cz\/de\/wp-json\/wp\/v2\/pages\/2754"}],"collection":[{"href":"https:\/\/hasici.vmyto.cz\/de\/wp-json\/wp\/v2\/pages"}],"about":[{"href":"https:\/\/hasici.vmyto.cz\/de\/wp-json\/wp\/v2\/types\/page"}],"author":[{"embeddable":true,"href":"https:\/\/hasici.vmyto.cz\/de\/wp-json\/wp\/v2\/users\/1"}],"replies":[{"embeddable":true,"href":"https:\/\/hasici.vmyto.cz\/de\/wp-json\/wp\/v2\/comments?post=2754"}],"version-history":[{"count":24,"href":"https:\/\/hasici.vmyto.cz\/de\/wp-json\/wp\/v2\/pages\/2754\/revisions"}],"predecessor-version":[{"id":10453,"href":"https:\/\/hasici.vmyto.cz\/de\/wp-json\/wp\/v2\/pages\/2754\/revisions\/10453"}],"wp:attachment":[{"href":"https:\/\/hasici.vmyto.cz\/de\/wp-json\/wp\/v2\/media?parent=2754"}],"curies":[{"name":"wp","href":"https:\/\/api.w.org\/{rel}","templated":true}]}}