{"id":174,"date":"2017-01-09T23:02:37","date_gmt":"2017-01-09T22:02:37","guid":{"rendered":"http:\/\/hasici.vmyto.cz\/?page_id=174"},"modified":"2022-04-12T12:59:19","modified_gmt":"2022-04-12T11:59:19","slug":"historie-sboru","status":"publish","type":"page","link":"https:\/\/hasici.vmyto.cz\/de\/o-sboru\/historie-sboru\/","title":{"rendered":"Feuerwehr Geschichte"},"content":{"rendered":"<p><strong>Entstehung der Feuerwehr in Vysok\u00e9 M\u00fdto<\/strong><\/p>\n<p style=\"text-align: justify;\">In den 60. Jahren 19. Jhs wurden nach dem Vereingesetz verschiedene Vereine gegr\u00fcndet. Das Hauptziel war, zum Nationalwiedergeburt beizutragen. Zu diesen Vereinen geh\u00f6rten auch Turneinheiten und Turn-Feuerwehrvereine. Erster rechtm\u00e4\u00dfiger Feuerwehrverein, als selbst\u00e4ndige tschechische Organisation, entstand im Jahr 1864 in Velvary. Nach seinem Vorbild wuchs die Bem\u00fchung,\u00a0 die Feuerwehrvereine zuerst in gro\u00dfen St\u00e4dten, danach in kleineren St\u00e4dten und Gemeinden auszubauen.<\/p>\n<p style=\"text-align: justify;\">In Vysok\u00e9 M\u00fdto gab es eine Reihe von B\u00fcrgern, die nach dem Vorbild anderer St\u00e4dte auch eine Turn-Feuerwehreinheit gr\u00fcnden wollten. Es gelang ihnen im Jahr 1869.<\/p>\n<p style=\"text-align: justify;\">Im 1871 wurde bei Unterst\u00fctzung des Ausschu\u00dfmitgliedes \u00a0Dr. Slavik das Verein mit Namen \u00a0\u201eSokolnicko-hasi\u010dsk\u00e1 jednota\u201c gegr\u00fcndet <em>(\u201eSokol-Feuerwehreinheit\u201c. SOKOL (in deutsch Falke) wurde Name des Turnvereins in Tschechischer Republik).<\/em><\/p>\n<p><img loading=\"lazy\" class=\"aligncenter wp-image-5690 size-large\" src=\"http:\/\/hasici.vmyto.cz\/wp-content\/uploads\/2018\/02\/1978_01_03_22D-02981-1024x685.jpg\" alt=\"\" width=\"740\" height=\"495\" srcset=\"https:\/\/hasici.vmyto.cz\/wp-content\/uploads\/2018\/02\/1978_01_03_22D-02981.jpg 1024w, https:\/\/hasici.vmyto.cz\/wp-content\/uploads\/2018\/02\/1978_01_03_22D-02981-300x201.jpg 300w, https:\/\/hasici.vmyto.cz\/wp-content\/uploads\/2018\/02\/1978_01_03_22D-02981-768x514.jpg 768w, https:\/\/hasici.vmyto.cz\/wp-content\/uploads\/2018\/02\/1978_01_03_22D-02981-150x100.jpg 150w, https:\/\/hasici.vmyto.cz\/wp-content\/uploads\/2018\/02\/1978_01_03_22D-02981-250x167.jpg 250w, https:\/\/hasici.vmyto.cz\/wp-content\/uploads\/2018\/02\/1978_01_03_22D-02981-550x368.jpg 550w, https:\/\/hasici.vmyto.cz\/wp-content\/uploads\/2018\/02\/1978_01_03_22D-02981-800x535.jpg 800w, https:\/\/hasici.vmyto.cz\/wp-content\/uploads\/2018\/02\/1978_01_03_22D-02981-269x180.jpg 269w, https:\/\/hasici.vmyto.cz\/wp-content\/uploads\/2018\/02\/1978_01_03_22D-02981-448x300.jpg 448w, https:\/\/hasici.vmyto.cz\/wp-content\/uploads\/2018\/02\/1978_01_03_22D-02981-747x500.jpg 747w, https:\/\/hasici.vmyto.cz\/wp-content\/uploads\/2018\/02\/1978_01_03_22D-02981-24x16.jpg 24w, https:\/\/hasici.vmyto.cz\/wp-content\/uploads\/2018\/02\/1978_01_03_22D-02981-36x24.jpg 36w, https:\/\/hasici.vmyto.cz\/wp-content\/uploads\/2018\/02\/1978_01_03_22D-02981-48x32.jpg 48w\" sizes=\"(max-width: 740px) 100vw, 740px\" \/><\/p>","protected":false},"excerpt":{"rendered":"<p>Entstehung der Feuerwehr in Vysok\u00e9 M\u00fdto In den 60. Jahren 19. Jhs wurden nach dem Vereingesetz verschiedene Vereine gegr\u00fcndet. Das Hauptziel war, zum Nationalwiedergeburt beizutragen. Zu diesen Vereinen geh\u00f6rten auch&#8230;<\/p>\n","protected":false},"author":1,"featured_media":0,"parent":177,"menu_order":0,"comment_status":"closed","ping_status":"closed","template":"","meta":{"_mi_skip_tracking":false},"_links":{"self":[{"href":"https:\/\/hasici.vmyto.cz\/de\/wp-json\/wp\/v2\/pages\/174"}],"collection":[{"href":"https:\/\/hasici.vmyto.cz\/de\/wp-json\/wp\/v2\/pages"}],"about":[{"href":"https:\/\/hasici.vmyto.cz\/de\/wp-json\/wp\/v2\/types\/page"}],"author":[{"embeddable":true,"href":"https:\/\/hasici.vmyto.cz\/de\/wp-json\/wp\/v2\/users\/1"}],"replies":[{"embeddable":true,"href":"https:\/\/hasici.vmyto.cz\/de\/wp-json\/wp\/v2\/comments?post=174"}],"version-history":[{"count":74,"href":"https:\/\/hasici.vmyto.cz\/de\/wp-json\/wp\/v2\/pages\/174\/revisions"}],"predecessor-version":[{"id":10809,"href":"https:\/\/hasici.vmyto.cz\/de\/wp-json\/wp\/v2\/pages\/174\/revisions\/10809"}],"up":[{"embeddable":true,"href":"https:\/\/hasici.vmyto.cz\/de\/wp-json\/wp\/v2\/pages\/177"}],"wp:attachment":[{"href":"https:\/\/hasici.vmyto.cz\/de\/wp-json\/wp\/v2\/media?parent=174"}],"curies":[{"name":"wp","href":"https:\/\/api.w.org\/{rel}","templated":true}]}}