{"id":166,"date":"2017-01-09T23:01:28","date_gmt":"2017-01-09T22:01:28","guid":{"rendered":"http:\/\/hasici.vmyto.cz\/?page_id=166"},"modified":"2023-10-06T12:42:14","modified_gmt":"2023-10-06T11:42:14","slug":"o-sdh","status":"publish","type":"page","link":"https:\/\/hasici.vmyto.cz\/de\/vyjezdova-jednotka-2\/o-sdh\/","title":{"rendered":"Einsatzabteilung"},"content":{"rendered":"<p><\/p>\n\n\n\n<div class=\"editor-area\">\n<table style=\"width: 50%; margin-left: 180px;\" border=\"1\" summary=\"bla\" cellspacing=\"1\" cellpadding=\"1\" align=\"center\">\n<tbody>\n<tr>\n<td style=\"background-color: #ffffff; padding-left: 30px; text-align: left;\"><span style=\"color: #000000;\"><b>Vord &#8211; und nachname<\/b><\/span><\/td>\n<td style=\"text-align: center; background-color: #ffffff;\"><span style=\"color: #000000;\"><b>Funktion<\/b><\/span><\/td>\n<\/tr>\n<tr>\n<td style=\"background-color: #ff0000; padding-left: 30px;\"><span style=\"color: #ffffff;\"><b>Chadima Patrik<\/b><\/span><\/td>\n<td style=\"text-align: center; background-color: #ff0000;\"><strong><span style=\"color: #ffffff;\">Kommandant<\/span><\/strong><\/td>\n<\/tr>\n<tr>\n<td style=\"background-color: #ffff00; padding-left: 30px;\"><span style=\"color: #000000;\"><b>Motl Petr<\/b><\/span><\/td>\n<td style=\"text-align: center; background-color: #ffff00;\"><strong><span style=\"color: #000000;\">Gruppenf\u00fchrer<\/span><\/strong><\/td>\n<\/tr>\n<tr>\n<td style=\"background-color: #ffff00; padding-left: 30px;\"><span style=\"color: #000000;\"><b>Navr\u00e1til Pavel<\/b><\/span><\/td>\n<td style=\"text-align: center; background-color: #ffff00;\"><strong><span style=\"color: #000000;\">Gruppenf\u00fchrer<\/span><\/strong><\/td>\n<\/tr>\n<tr>\n<td style=\"background-color: #ffff00; padding-left: 30px;\"><span style=\"color: #000000;\"><b>Stan\u011bk Josef<\/b><\/span><\/td>\n<td style=\"text-align: center; background-color: #ffff00;\"><strong><span style=\"color: #000000;\">Gruppenf\u00fchrer<\/span><\/strong><\/td>\n<\/tr>\n<tr>\n<td style=\"background-color: #0000ff; padding-left: 30px;\"><span style=\"color: #ffffff;\"><b>Bene\u0161 Zden\u011bk<\/b><\/span><\/td>\n<td style=\"text-align: center; background-color: #0000ff;\"><strong><span style=\"color: #ffffff;\">Maschinist<\/span><\/strong><\/td>\n<\/tr>\n<tr>\n<td style=\"background-color: #0000ff; padding-left: 30px;\"><span style=\"color: #ffffff;\"><b>Dvo\u0159\u00e1k Michal<\/b><\/span><\/td>\n<td style=\"text-align: center; background-color: #0000ff;\"><strong><span style=\"color: #ffffff;\">Maschinist<\/span><\/strong><\/td>\n<\/tr>\n<tr>\n<td style=\"background-color: #0000ff; padding-left: 30px;\"><span style=\"color: #ffffff;\"><b>Jirs\u00e1k Martin<\/b><\/span><\/td>\n<td style=\"text-align: center; background-color: #0000ff;\"><strong><span style=\"color: #ffffff;\">Maschinist<\/span><\/strong><\/td>\n<\/tr>\n<tr>\n<td style=\"background-color: #0000ff; padding-left: 30px;\"><span style=\"color: #ffffff;\"><b>Kocian Filip<\/b><\/span><\/td>\n<td style=\"text-align: center; background-color: #0000ff;\"><strong><span style=\"color: #ffffff;\">Maschinist<\/span><\/strong><\/td>\n<\/tr>\n<tr>\n<td style=\"background-color: #0000ff; padding-left: 30px;\"><span style=\"color: #ffffff;\"><b>Havl\u00edk Miloslav<\/b><\/span><\/td>\n<td style=\"text-align: center; background-color: #0000ff;\"><strong><span style=\"color: #ffffff;\">Maschinist<\/span><\/strong><\/td>\n<\/tr>\n<tr>\n<td style=\"background-color: #0000ff; padding-left: 30px;\"><span style=\"color: #ffffff;\"><b>Branda Tom\u00e1\u0161<\/b><\/span><\/td>\n<td style=\"text-align: center; background-color: #0000ff;\"><strong><span style=\"color: #ffffff;\">Maschinist<\/span><\/strong><\/td>\n<\/tr>\n<tr>\n<td style=\"background-color: #0000ff; padding-left: 30px;\"><span style=\"color: #ffffff;\"><b>Hynek Luk\u00e1\u0161<\/b><\/span><\/td>\n<td style=\"text-align: center; background-color: #0000ff;\"><strong><span style=\"color: #ffffff;\">Maschinist<\/span><\/strong><\/td>\n<\/tr>\n<tr>\n<td style=\"background-color: #0000ff; padding-left: 30px;\"><strong><span style=\"color: #ffffff;\">Hynek Petr<\/span><\/strong><\/td>\n<td style=\"text-align: center; background-color: #0000ff;\"><strong><span style=\"color: #ffffff;\">Maschinist<\/span><\/strong><\/td>\n<\/tr>\n<tr>\n<td style=\"background-color: #0000ff; padding-left: 30px;\"><b style=\"color: #ffffff;\">Kraus Jaroslav<\/b><\/td>\n<td style=\"text-align: center; background-color: #0000ff;\"><strong><span style=\"color: #ffffff;\">Maschinist<\/span><\/strong><\/td>\n<\/tr>\n<tr>\n<td style=\"background-color: #0000ff; padding-left: 30px;\"><b style=\"color: #ffffff;\">Ne\u0161por Radek<\/b><\/td>\n<td style=\"text-align: center; background-color: #0000ff;\"><strong><span style=\"color: #ffffff;\">Maschinist<\/span><\/strong><\/td>\n<\/tr>\n<tr>\n<td style=\"background-color: #d3d3d3; padding-left: 30px;\"><span style=\"color: #000000;\"><strong>Kopeck\u00fd Patrik<\/strong><\/span><\/td>\n<td style=\"text-align: center; background-color: #d3d3d3;\"><span style=\"color: #000000;\"><strong>Feuerwehrmann<\/strong><\/span><\/td>\n<\/tr>\n<tr>\n<td style=\"background-color: #d3d3d3; padding-left: 30px;\"><strong><span style=\"color: #000000;\"><span style=\"caret-color: #000000;\">L\u00e1sko<\/span>&nbsp;Ond\u0159ej<\/span><\/strong><\/td>\n<td style=\"text-align: center; background-color: #d3d3d3;\"><span style=\"color: #000000;\"><strong>Feuerwehrmann<\/strong><\/span><\/td>\n<\/tr>\n<tr>\n<td style=\"background-color: #d3d3d3; padding-left: 30px;\"><span style=\"color: #000000;\"><strong>Mikuleck\u00fd Tom\u00e1\u0161<\/strong><\/span><\/td>\n<td style=\"text-align: center; background-color: #d3d3d3;\"><span style=\"color: #000000;\"><strong>Feuerwehrmann<\/strong><\/span><\/td>\n<\/tr>\n<tr>\n<td style=\"background-color: #d3d3d3; padding-left: 30px;\"><span style=\"color: #000000;\"><b>Zerz\u00e1n Vojt\u011bch<\/b><\/span><\/td>\n<td style=\"text-align: center; background-color: #d3d3d3;\"><span style=\"color: #000000;\"><strong>Feuerwehrmann<\/strong><\/span><\/td>\n<\/tr>\n<tr>\n<td style=\"background-color: #d3d3d3; padding-left: 30px;\"><span style=\"color: #000000;\"><b>Syrov\u00fd Daniel<\/b><\/span><\/td>\n<td style=\"text-align: center; background-color: #d3d3d3;\"><span style=\"color: #000000;\"><strong>Feuerwehrmann<\/strong><\/span><\/td>\n<\/tr>\n<tr>\n<td style=\"background-color: #d3d3d3; padding-left: 30px;\"><span style=\"color: #000000;\"><span style=\"caret-color: #000000;\"><b>Ned\u011bla Filip<\/b><\/span><\/span><\/td>\n<td style=\"text-align: center; background-color: #d3d3d3;\"><span style=\"color: #000000;\"><strong>Feuerwehrmann<\/strong><br><\/span><\/td>\n<\/tr>\n<\/tbody>\n<\/table>\n<\/div>","protected":false},"excerpt":{"rendered":"<p>Vord &#8211; und nachname Funktion Chadima Patrik Kommandant Motl Petr Gruppenf\u00fchrer Navr\u00e1til Pavel Gruppenf\u00fchrer Stan\u011bk Josef Gruppenf\u00fchrer Bene\u0161 Zden\u011bk Maschinist Dvo\u0159\u00e1k Michal Maschinist Jirs\u00e1k Martin Maschinist Kocian Filip Maschinist Havl\u00edk&#8230;<\/p>\n","protected":false},"author":1,"featured_media":0,"parent":228,"menu_order":0,"comment_status":"closed","ping_status":"closed","template":"","meta":{"_mi_skip_tracking":false},"_links":{"self":[{"href":"https:\/\/hasici.vmyto.cz\/de\/wp-json\/wp\/v2\/pages\/166"}],"collection":[{"href":"https:\/\/hasici.vmyto.cz\/de\/wp-json\/wp\/v2\/pages"}],"about":[{"href":"https:\/\/hasici.vmyto.cz\/de\/wp-json\/wp\/v2\/types\/page"}],"author":[{"embeddable":true,"href":"https:\/\/hasici.vmyto.cz\/de\/wp-json\/wp\/v2\/users\/1"}],"replies":[{"embeddable":true,"href":"https:\/\/hasici.vmyto.cz\/de\/wp-json\/wp\/v2\/comments?post=166"}],"version-history":[{"count":38,"href":"https:\/\/hasici.vmyto.cz\/de\/wp-json\/wp\/v2\/pages\/166\/revisions"}],"predecessor-version":[{"id":12309,"href":"https:\/\/hasici.vmyto.cz\/de\/wp-json\/wp\/v2\/pages\/166\/revisions\/12309"}],"up":[{"embeddable":true,"href":"https:\/\/hasici.vmyto.cz\/de\/wp-json\/wp\/v2\/pages\/228"}],"wp:attachment":[{"href":"https:\/\/hasici.vmyto.cz\/de\/wp-json\/wp\/v2\/media?parent=166"}],"curies":[{"name":"wp","href":"https:\/\/api.w.org\/{rel}","templated":true}]}}