{"id":10661,"date":"2022-02-19T12:48:39","date_gmt":"2022-02-19T11:48:39","guid":{"rendered":"http:\/\/hasici.vmyto.cz\/?page_id=10661"},"modified":"2022-03-27T21:25:49","modified_gmt":"2022-03-27T20:25:49","slug":"dopravni-automobil-l1t-iveco-daily","status":"publish","type":"page","link":"https:\/\/hasici.vmyto.cz\/de\/dopravni-automobil-l1t-iveco-daily\/","title":{"rendered":"LF &#8211; L1T Iveco Daily"},"content":{"rendered":"<p><\/p>\n<p style=\"text-align: justify;\">Der Transportwagen IVECO DAILY 4&#215;2 ist ein Feuerwehr-Einsatzfahrzeug, das f\u00fcr den Transport einer Brandschutzeinheit ausgelegt ist. Das Auto ist in technischer Ausf\u00fchrung, was pr\u00e4destiniert f\u00fcr Notf\u00e4lle wie das Entfernen von umgest\u00fcrzten B\u00e4umen, das Pumpen von Wasser, das Beseitigen gef\u00e4hrlicher Insekten, den Transport von Patienten sowie den Einsatz bei Verkehrsunf\u00e4llen oder \u00d6lverschmutzungen auf Stra\u00dfen bedeutet.<\/p>\n<p><strong>SPEZIFIKATIONEN<\/strong><\/p>\n<ul>\n<li><strong>Gesamtgewicht:<\/strong> 5.200 kg<\/li>\n<li><strong>L\u00e4nge \/ Breite \/ H\u00f6he:<\/strong> 6.109 mm \/ 2.052 mm \/ 2.940 mm<\/li>\n<li><strong>Motorleistung \/ Schadstoffklasse:<\/strong> 132 kW \/ 3.500 U\/min \/ Euro 6D<\/li>\n<li><strong>Getriebe:<\/strong> Automatik<\/li>\n<li><strong>Besatzung:<\/strong> 1 + 8<\/li>\n<li><strong>Aufbau:<\/strong> geschlossener Ganzmetall-Kofferaufbau<\/li>\n<\/ul>\n<p><\/p>","protected":false},"excerpt":{"rendered":"<p>Der Transportwagen IVECO DAILY 4&#215;2 ist ein Feuerwehr-Einsatzfahrzeug, das f\u00fcr den Transport einer Brandschutzeinheit ausgelegt ist. Das Auto ist in technischer Ausf\u00fchrung, was pr\u00e4destiniert f\u00fcr Notf\u00e4lle wie das Entfernen von&#8230;<\/p>\n","protected":false},"author":1,"featured_media":10743,"parent":0,"menu_order":0,"comment_status":"closed","ping_status":"closed","template":"","meta":{"_mi_skip_tracking":false},"_links":{"self":[{"href":"https:\/\/hasici.vmyto.cz\/de\/wp-json\/wp\/v2\/pages\/10661"}],"collection":[{"href":"https:\/\/hasici.vmyto.cz\/de\/wp-json\/wp\/v2\/pages"}],"about":[{"href":"https:\/\/hasici.vmyto.cz\/de\/wp-json\/wp\/v2\/types\/page"}],"author":[{"embeddable":true,"href":"https:\/\/hasici.vmyto.cz\/de\/wp-json\/wp\/v2\/users\/1"}],"replies":[{"embeddable":true,"href":"https:\/\/hasici.vmyto.cz\/de\/wp-json\/wp\/v2\/comments?post=10661"}],"version-history":[{"count":5,"href":"https:\/\/hasici.vmyto.cz\/de\/wp-json\/wp\/v2\/pages\/10661\/revisions"}],"predecessor-version":[{"id":10774,"href":"https:\/\/hasici.vmyto.cz\/de\/wp-json\/wp\/v2\/pages\/10661\/revisions\/10774"}],"wp:featuredmedia":[{"embeddable":true,"href":"https:\/\/hasici.vmyto.cz\/de\/wp-json\/wp\/v2\/media\/10743"}],"wp:attachment":[{"href":"https:\/\/hasici.vmyto.cz\/de\/wp-json\/wp\/v2\/media?parent=10661"}],"curies":[{"name":"wp","href":"https:\/\/api.w.org\/{rel}","templated":true}]}}